{"id":1336,"date":"2023-11-28T10:45:04","date_gmt":"2023-11-28T09:45:04","guid":{"rendered":"https:\/\/sawataste.com\/?page_id=1336"},"modified":"2024-04-15T12:04:03","modified_gmt":"2024-04-15T11:04:03","slug":"a-la-carte","status":"publish","type":"page","link":"https:\/\/sawataste.com\/eng\/a-la-carte\/","title":{"rendered":"A la carte"},"content":{"rendered":"<style>.kb-row-layout-wrap.wp-block-kadence-rowlayout.kb-row-layout-id1336_613863-1f{margin-bottom:var(--global-kb-spacing-lg, 3rem);}.kb-row-layout-id1336_613863-1f > .kt-row-column-wrap{align-content:start;}:where(.kb-row-layout-id1336_613863-1f > .kt-row-column-wrap) > .wp-block-kadence-column{justify-content:start;}.kb-row-layout-id1336_613863-1f > .kt-row-column-wrap{column-gap:var(--global-kb-gap-none, 0rem );row-gap:var(--global-kb-gap-none, 0rem );max-width:var( --global-content-width, 1290px );padding-left:var(--global-content-edge-padding);padding-right:var(--global-content-edge-padding);padding-top:0px;padding-bottom:0px;grid-template-columns:minmax(0, 2fr) minmax(0, 1fr);}.kb-row-layout-id1336_613863-1f{background-color:#f39208;}.kb-row-layout-id1336_613863-1f > .kt-row-layout-overlay{opacity:0.05;background-color:#181717;}.kb-row-layout-id1336_613863-1f .kt-row-layout-top-sep{height:100px;}.kb-row-layout-id1336_613863-1f .kt-row-layout-top-sep svg{width:100%;}.kb-row-layout-id1336_613863-1f .kt-row-layout-top-sep svg{fill:var(--global-palette9, #ffffff)!important;}@media all and (max-width: 1024px){.kb-row-layout-id1336_613863-1f > .kt-row-column-wrap{grid-template-columns:minmax(0, 2fr) minmax(0, 1fr);}}@media all and (max-width: 767px){.kb-row-layout-id1336_613863-1f > .kt-row-column-wrap{grid-template-columns:minmax(0, 1fr);}}<\/style><div class=\"kb-row-layout-wrap kb-row-layout-id1336_613863-1f alignfull kt-row-has-bg wp-block-kadence-rowlayout\"><div class=\"kt-row-layout-overlay kt-row-overlay-normal\"><\/div><div class=\"kt-row-column-wrap kt-has-2-columns kt-row-layout-left-golden kt-tab-layout-inherit kt-mobile-layout-row kt-row-valign-top kb-theme-content-width\">\n<style>.kadence-column1336_6ab1f1-94 > .kt-inside-inner-col,.kadence-column1336_6ab1f1-94 > .kt-inside-inner-col:before{border-top-left-radius:0px;border-top-right-radius:0px;border-bottom-right-radius:0px;border-bottom-left-radius:0px;}.kadence-column1336_6ab1f1-94 > .kt-inside-inner-col{column-gap:var(--global-kb-gap-sm, 1rem);}.kadence-column1336_6ab1f1-94 > .kt-inside-inner-col{flex-direction:column;}.kadence-column1336_6ab1f1-94 > .kt-inside-inner-col > .aligncenter{width:100%;}.kadence-column1336_6ab1f1-94 > .kt-inside-inner-col:before{opacity:0.3;}.kadence-column1336_6ab1f1-94{text-align:left;}.kadence-column1336_6ab1f1-94{position:relative;}@media all and (max-width: 1024px){.kadence-column1336_6ab1f1-94 > .kt-inside-inner-col{flex-direction:column;justify-content:center;}}@media all and (max-width: 767px){.kadence-column1336_6ab1f1-94 > .kt-inside-inner-col{flex-direction:column;justify-content:center;}}<\/style>\n<div class=\"wp-block-kadence-column kadence-column1336_6ab1f1-94 kb-section-dir-vertical inner-column-1\"><div class=\"kt-inside-inner-col\"><style>.kb-row-layout-id1336_4fa353-7d > .kt-row-column-wrap{align-content:start;}:where(.kb-row-layout-id1336_4fa353-7d > .kt-row-column-wrap) > .wp-block-kadence-column{justify-content:start;}.kb-row-layout-id1336_4fa353-7d > .kt-row-column-wrap{column-gap:var(--global-kb-gap-md, 2rem);row-gap:var(--global-kb-gap-lg, 4rem);max-width:540px;margin-left:auto;margin-right:auto;padding-top:var(--global-kb-spacing-md, 2rem);padding-bottom:var(--global-kb-spacing-md, 2rem);grid-template-columns:minmax(0, 1fr);}.kb-row-layout-id1336_4fa353-7d > .kt-row-layout-overlay{opacity:0.30;}@media all and (max-width: 1024px){.kb-row-layout-id1336_4fa353-7d > .kt-row-column-wrap{grid-template-columns:minmax(0, 1fr);}}@media all and (max-width: 767px){.kb-row-layout-id1336_4fa353-7d > .kt-row-column-wrap{grid-template-columns:minmax(0, 1fr);}}<\/style><div class=\"kb-row-layout-wrap kb-row-layout-id1336_4fa353-7d alignnone has-theme-palette9-background-color kt-row-has-bg wp-block-kadence-rowlayout\"><div class=\"kt-row-column-wrap kt-has-1-columns kt-row-layout-equal kt-tab-layout-inherit kt-mobile-layout-row kt-row-valign-top\">\n<style>.kadence-column1336_b6c6c4-50 > .kt-inside-inner-col,.kadence-column1336_b6c6c4-50 > .kt-inside-inner-col:before{border-top-left-radius:0px;border-top-right-radius:0px;border-bottom-right-radius:0px;border-bottom-left-radius:0px;}.kadence-column1336_b6c6c4-50 > .kt-inside-inner-col{column-gap:var(--global-kb-gap-sm, 1rem);}.kadence-column1336_b6c6c4-50 > .kt-inside-inner-col{flex-direction:column;}.kadence-column1336_b6c6c4-50 > .kt-inside-inner-col > .aligncenter{width:100%;}.kadence-column1336_b6c6c4-50 > .kt-inside-inner-col:before{opacity:0.3;}.kadence-column1336_b6c6c4-50{position:relative;}@media all and (max-width: 1024px){.kadence-column1336_b6c6c4-50 > .kt-inside-inner-col{flex-direction:column;justify-content:center;}}@media all and (max-width: 767px){.kadence-column1336_b6c6c4-50 > .kt-inside-inner-col{flex-direction:column;justify-content:center;}}<\/style>\n<div class=\"wp-block-kadence-column kadence-column1336_b6c6c4-50\"><div class=\"kt-inside-inner-col\"><style>.wp-block-kadence-advancedheading.kt-adv-heading1336_869d6f-f3, .wp-block-kadence-advancedheading.kt-adv-heading1336_869d6f-f3[data-kb-block=\"kb-adv-heading1336_869d6f-f3\"]{max-width:717px;margin-right:auto;margin-left:auto;margin-top:0px;text-align:center;font-size:var(--global-kb-font-size-xl, 3rem);line-height:1em;font-style:normal;color:#96191a;}.wp-block-kadence-advancedheading.kt-adv-heading1336_869d6f-f3 mark.kt-highlight, .wp-block-kadence-advancedheading.kt-adv-heading1336_869d6f-f3[data-kb-block=\"kb-adv-heading1336_869d6f-f3\"] mark.kt-highlight{font-style:normal;color:#f76a0c;-webkit-box-decoration-break:clone;box-decoration-break:clone;padding-top:0px;padding-right:0px;padding-bottom:0px;padding-left:0px;}.wp-block-kadence-advancedheading.kt-adv-heading1336_869d6f-f3 img.kb-inline-image, .wp-block-kadence-advancedheading.kt-adv-heading1336_869d6f-f3[data-kb-block=\"kb-adv-heading1336_869d6f-f3\"] img.kb-inline-image{width:150px;vertical-align:baseline;}<\/style>\n<h2 id=\"2\" class=\"kt-adv-heading1336_869d6f-f3 wp-block-kadence-advancedheading\" data-kb-block=\"kb-adv-heading1336_869d6f-f3\"><strong><strong>\u00c0 la carte<\/strong><\/strong> <\/h2>\n\n\n\n<p><\/p>\n\n\n<style>.wp-block-kadence-advancedheading.kt-adv-heading1336_0c4f57-d9, .wp-block-kadence-advancedheading.kt-adv-heading1336_0c4f57-d9[data-kb-block=\"kb-adv-heading1336_0c4f57-d9\"]{max-width:717px;margin-right:auto;margin-left:auto;margin-top:0px;text-align:center;line-height:1em;font-style:normal;color:#96191a;}.wp-block-kadence-advancedheading.kt-adv-heading1336_0c4f57-d9 mark.kt-highlight, .wp-block-kadence-advancedheading.kt-adv-heading1336_0c4f57-d9[data-kb-block=\"kb-adv-heading1336_0c4f57-d9\"] mark.kt-highlight{font-style:normal;color:#f76a0c;-webkit-box-decoration-break:clone;box-decoration-break:clone;padding-top:0px;padding-right:0px;padding-bottom:0px;padding-left:0px;}.wp-block-kadence-advancedheading.kt-adv-heading1336_0c4f57-d9 img.kb-inline-image, .wp-block-kadence-advancedheading.kt-adv-heading1336_0c4f57-d9[data-kb-block=\"kb-adv-heading1336_0c4f57-d9\"] img.kb-inline-image{width:150px;vertical-align:baseline;}<\/style>\n<h2 id=\"2\" class=\"kt-adv-heading1336_0c4f57-d9 wp-block-kadence-advancedheading\" data-kb-block=\"kb-adv-heading1336_0c4f57-d9\"><strong>2 jours ou plus<\/strong><\/h2>\n<\/div><\/div>\n\n<\/div><\/div><\/div><\/div>\n\n\n<style>.kadence-column1336_16d5d1-5b > .kt-inside-inner-col{padding-top:var(--global-kb-spacing-xs, 1rem);padding-bottom:0px;}.kadence-column1336_16d5d1-5b > .kt-inside-inner-col,.kadence-column1336_16d5d1-5b > .kt-inside-inner-col:before{border-top-left-radius:0px;border-top-right-radius:0px;border-bottom-right-radius:0px;border-bottom-left-radius:0px;}.kadence-column1336_16d5d1-5b > .kt-inside-inner-col{column-gap:var(--global-kb-gap-sm, 1rem);}.kadence-column1336_16d5d1-5b > .kt-inside-inner-col{flex-direction:column;}.kadence-column1336_16d5d1-5b > .kt-inside-inner-col > .aligncenter{width:100%;}.kadence-column1336_16d5d1-5b > .kt-inside-inner-col:before{opacity:0.3;}.kadence-column1336_16d5d1-5b{position:relative;}.kadence-column1336_16d5d1-5b, .kt-inside-inner-col > .kadence-column1336_16d5d1-5b:not(.specificity){margin-bottom:-5%;}@media all and (max-width: 1024px){.kadence-column1336_16d5d1-5b > .kt-inside-inner-col{flex-direction:column;justify-content:center;}}@media all and (max-width: 767px){.kadence-column1336_16d5d1-5b > .kt-inside-inner-col{flex-direction:column;justify-content:center;}}<\/style>\n<div class=\"wp-block-kadence-column kadence-column1336_16d5d1-5b kb-section-dir-vertical\"><div class=\"kt-inside-inner-col\"><div class=\"wp-block-image is-style-rounded\">\n<figure class=\"aligncenter size-full is-resized\"><img loading=\"lazy\" width=\"279\" height=\"285\" src=\"https:\/\/sawataste.com\/wp-content\/uploads\/2023\/09\/s-sawa-1.jpg\" alt=\"\" class=\"wp-image-306\" style=\"aspect-ratio:1;object-fit:cover;width:136px;height:auto\" srcset=\"https:\/\/sawataste.com\/wp-content\/uploads\/2023\/09\/s-sawa-1.jpg 279w, https:\/\/sawataste.com\/wp-content\/uploads\/2023\/09\/s-sawa-1-200x204.jpg 200w\" sizes=\"auto, (max-width: 279px) 100vw, 279px\" \/><\/figure><\/div><\/div><\/div>\n\n<\/div><\/div>\n\n<p><div class=\"forminator-ui forminator-custom-form forminator-custom-form-120 forminator-design--material  forminator_ajax\" data-forminator-render=\"0\" data-form=\"forminator-module-120\" data-uid=\"69f03026bb14a\"><br\/><\/div><form\n\t\t\t\tid=\"forminator-module-120\"\n\t\t\t\tclass=\"forminator-ui forminator-custom-form forminator-custom-form-120 forminator-design--material  forminator_ajax\"\n\t\t\t\tmethod=\"post\"\n\t\t\t\tdata-forminator-render=\"0\"\n\t\t\t\tdata-form-id=\"120\"\n\t\t\t\t data-color-option=\"default\" data-design=\"material\" data-grid=\"open\" style=\"display: none;\"\n\t\t\t\tdata-uid=\"69f03026bb14a\"\n\t\t\t><div role=\"alert\" aria-live=\"polite\" class=\"forminator-response-message forminator-error\" aria-hidden=\"true\"><\/div><div class=\"forminator-row\"><div id=\"checkbox-1\" class=\"forminator-field-checkbox forminator-col forminator-col-12 \"><div role=\"group\" class=\"forminator-field\" aria-labelledby=\"forminator-checkbox-group-forminator-field-checkbox-1-69f03026bb14a-label\"><label id=\"forminator-field-checkbox-1-1-69f03026bb14a-label\" for=\"forminator-field-checkbox-1-1-69f03026bb14a\" class=\"forminator-checkbox\" title=\"&lt;strong&gt;Matin piquant \u00e0 Nabeul&lt;\/strong&gt; : atelier Harissa, pur\u00e9e de piments rouges.\"><input type=\"checkbox\" name=\"checkbox-1[]\" value=\"service-1\" id=\"forminator-field-checkbox-1-1-69f03026bb14a\" aria-labelledby=\"forminator-field-checkbox-1-1-69f03026bb14a-label\" data-calculation=\"0\"  \/><span class=\"forminator-checkbox-box\" aria-hidden=\"true\"><\/span><span class=\"forminator-checkbox-label\"><strong>Matin piquant \u00e0 Nabeul<\/strong> : atelier Harissa, pur\u00e9e de piments rouges.<\/span><\/label><label id=\"forminator-field-checkbox-1-2-69f03026bb14a-label\" for=\"forminator-field-checkbox-1-2-69f03026bb14a\" class=\"forminator-checkbox\" title=\"&lt;strong&gt;\u00c9vasion olfactive au c\u0153ur du Cap bon &lt;\/strong&gt;: atelier de distillation de fleurs.\"><input type=\"checkbox\" name=\"checkbox-1[]\" value=\"service-2\" id=\"forminator-field-checkbox-1-2-69f03026bb14a\" aria-labelledby=\"forminator-field-checkbox-1-2-69f03026bb14a-label\" data-calculation=\"0\"  \/><span class=\"forminator-checkbox-box\" aria-hidden=\"true\"><\/span><span class=\"forminator-checkbox-label\"><strong>\u00c9vasion olfactive au c\u0153ur du Cap bon <\/strong>: atelier de distillation de fleurs.<\/span><\/label><label id=\"forminator-field-checkbox-1-3-69f03026bb14a-label\" for=\"forminator-field-checkbox-1-3-69f03026bb14a\" class=\"forminator-checkbox\" title=\"&lt;strong&gt;Les secrets de l\u2019olivier &lt;\/strong&gt;: atelier autour de l\u2019olivier et de l\u2019huile.\"><input type=\"checkbox\" name=\"checkbox-1[]\" value=\"Atelier-Mlawi-\ud83e\udc6a-La-main-\u00e0-la-p\u00e2te\" id=\"forminator-field-checkbox-1-3-69f03026bb14a\" aria-labelledby=\"forminator-field-checkbox-1-3-69f03026bb14a-label\" data-calculation=\"0\"  \/><span class=\"forminator-checkbox-box\" aria-hidden=\"true\"><\/span><span class=\"forminator-checkbox-label\"><strong>Les secrets de l\u2019olivier <\/strong>: atelier autour de l\u2019olivier et de l\u2019huile.<\/span><\/label><label id=\"forminator-field-checkbox-1-4-69f03026bb14a-label\" for=\"forminator-field-checkbox-1-4-69f03026bb14a\" class=\"forminator-checkbox\" title=\"&lt;strong&gt;La main \u00e0 la p\u00e2te chez Sawa &lt;\/strong&gt;: atelier Mlawi, galette feuillet\u00e9e.\"><input type=\"checkbox\" name=\"checkbox-1[]\" value=\"Atelier-Malsouka-\ud83e\udc6a-La-Malsouka-dans-tous-ses-\u00e9tats\" id=\"forminator-field-checkbox-1-4-69f03026bb14a\" aria-labelledby=\"forminator-field-checkbox-1-4-69f03026bb14a-label\" data-calculation=\"0\"  \/><span class=\"forminator-checkbox-box\" aria-hidden=\"true\"><\/span><span class=\"forminator-checkbox-label\"><strong>La main \u00e0 la p\u00e2te chez Sawa <\/strong>: atelier Mlawi, galette feuillet\u00e9e.<\/span><\/label><label id=\"forminator-field-checkbox-1-5-69f03026bb14a-label\" for=\"forminator-field-checkbox-1-5-69f03026bb14a\" class=\"forminator-checkbox\" title=\"&lt;strong&gt;La &lt;i&gt;Malsouka&lt;\/i&gt; dans tous ses \u00e9tats chez Sawa &lt;\/strong&gt;: atelier d\u00e9couverte de cette fine p\u00e2te feuillet\u00e9e, dans ses versions sucr\u00e9e et sal\u00e9e.\"><input type=\"checkbox\" name=\"checkbox-1[]\" value=\"Atelier-Tabouna-\ud83e\udc6a-Boulanger-d\u2019un-jour\" id=\"forminator-field-checkbox-1-5-69f03026bb14a\" aria-labelledby=\"forminator-field-checkbox-1-5-69f03026bb14a-label\" data-calculation=\"0\"  \/><span class=\"forminator-checkbox-box\" aria-hidden=\"true\"><\/span><span class=\"forminator-checkbox-label\"><strong>La <i>Malsouka<\/i> dans tous ses \u00e9tats chez Sawa <\/strong>: atelier d\u00e9couverte de cette fine p\u00e2te feuillet\u00e9e, dans ses versions sucr\u00e9e et sal\u00e9e.<\/span><\/label><label id=\"forminator-field-checkbox-1-6-69f03026bb14a-label\" for=\"forminator-field-checkbox-1-6-69f03026bb14a\" class=\"forminator-checkbox\" title=\"&lt;strong&gt;Boulanger d\u2019un jour sur les hauteurs de Hammamet &lt;\/strong&gt;: atelier Tabouna, pain artisanal cuit dans un four en terre cuite.\"><input type=\"checkbox\" name=\"checkbox-1[]\" value=\"D\u00e9gustation-de-vins-\ud83e\udc6a-La-viticulture-en-Tunisie,-une-longue-tradition\" id=\"forminator-field-checkbox-1-6-69f03026bb14a\" aria-labelledby=\"forminator-field-checkbox-1-6-69f03026bb14a-label\" data-calculation=\"0\"  \/><span class=\"forminator-checkbox-box\" aria-hidden=\"true\"><\/span><span class=\"forminator-checkbox-label\"><strong>Boulanger d\u2019un jour sur les hauteurs de Hammamet <\/strong>: atelier Tabouna, pain artisanal cuit dans un four en terre cuite.<\/span><\/label><label id=\"forminator-field-checkbox-1-7-69f03026bb14a-label\" for=\"forminator-field-checkbox-1-7-69f03026bb14a\" class=\"forminator-checkbox\" title=\"&lt;strong&gt;Vins et vignobles au Montfleury &lt;\/strong&gt;: d\u00e9couverte de la tradition viticole tunisienne.\"><input type=\"checkbox\" name=\"checkbox-1[]\" value=\"Visite-de-march\u00e9-\ud83e\udc6a-Les-5-sens-\u00e0-l\u2019\u00e9preuve-du-march\u00e9\" id=\"forminator-field-checkbox-1-7-69f03026bb14a\" aria-labelledby=\"forminator-field-checkbox-1-7-69f03026bb14a-label\" data-calculation=\"0\"  \/><span class=\"forminator-checkbox-box\" aria-hidden=\"true\"><\/span><span class=\"forminator-checkbox-label\"><strong>Vins et vignobles au Montfleury <\/strong>: d\u00e9couverte de la tradition viticole tunisienne.<\/span><\/label><label id=\"forminator-field-checkbox-1-8-69f03026bb14a-label\" for=\"forminator-field-checkbox-1-8-69f03026bb14a\" class=\"forminator-checkbox\" title=\"&lt;strong&gt;Le March\u00e9 central de Tunis &lt;\/strong&gt;: visite guid\u00e9e du plus ancien march\u00e9 de la capitale et d\u00e9gustations.\"><input type=\"checkbox\" name=\"checkbox-1[]\" value=\"Visite-de-march\u00e9-avec-d\u00e9gustations\" id=\"forminator-field-checkbox-1-8-69f03026bb14a\" aria-labelledby=\"forminator-field-checkbox-1-8-69f03026bb14a-label\" data-calculation=\"0\"  \/><span class=\"forminator-checkbox-box\" aria-hidden=\"true\"><\/span><span class=\"forminator-checkbox-label\"><strong>Le March\u00e9 central de Tunis <\/strong>: visite guid\u00e9e du plus ancien march\u00e9 de la capitale et d\u00e9gustations.<\/span><\/label><label id=\"forminator-field-checkbox-1-9-69f03026bb14a-label\" for=\"forminator-field-checkbox-1-9-69f03026bb14a\" class=\"forminator-checkbox\" title=\"&lt;strong&gt;Mon menu tunisien au Cap Bon comme au c\u0153ur de la M\u00e9dina &lt;\/strong&gt;: cours de cuisine de mets traditionnels, entr\u00e9e, plat et dessert, suivi de leur d\u00e9gustation.\"><input type=\"checkbox\" name=\"checkbox-1[]\" value=\"Cours-de-cuisine-\ud83e\udc6a-Evasion-\u00e9picurienne\" id=\"forminator-field-checkbox-1-9-69f03026bb14a\" aria-labelledby=\"forminator-field-checkbox-1-9-69f03026bb14a-label\" data-calculation=\"0\"  \/><span class=\"forminator-checkbox-box\" aria-hidden=\"true\"><\/span><span class=\"forminator-checkbox-label\"><strong>Mon menu tunisien au Cap Bon comme au c\u0153ur de la M\u00e9dina <\/strong>: cours de cuisine de mets traditionnels, entr\u00e9e, plat et dessert, suivi de leur d\u00e9gustation.<\/span><\/label><label id=\"forminator-field-checkbox-1-10-69f03026bb14a-label\" for=\"forminator-field-checkbox-1-10-69f03026bb14a\" class=\"forminator-checkbox\" title=\"&lt;strong&gt;La madeleine de Proust &lt;\/strong&gt;: s\u00e9jour 100% sur mesure*\"><input type=\"checkbox\" name=\"checkbox-1[]\" value=\"La madeleine de Proust : s\u00e9jour 100% sur mesure.  Puissants d\u00e9clencheurs de m\u00e9moire, les go\u00fbts et les parfums nous transportent dans le temps. Replongez dans votre enfance, dans votre histoire familiale, ou offrez \u00e0 vos proches, qui ont grandi loin de leur terre d\u2019origine, une exp\u00e9rience sensorielle unique : une soir\u00e9e estivale avec fricass\u00e9s et glibettes (graines de tournesols grill\u00e9es),  un dimanche familial avec couscous au poisson, briks aux \u0153ufs et makroudh, un repas pr\u00e9par\u00e9 en un tour de main et avec amour compos\u00e9 d\u2019une chakchouka piquante, d\u2019une salade mechouia au feu de bois, et d\u2019une madmouja\u2026  Racontez-nous en quelques mots vos souvenirs, vos envies et nous vous pr\u00e9parerons un moment unique, une madeleine \u00e0 votre go\u00fbt.\" id=\"forminator-field-checkbox-1-10-69f03026bb14a\" aria-labelledby=\"forminator-field-checkbox-1-10-69f03026bb14a-label\" data-calculation=\"0\"  \/><span class=\"forminator-checkbox-box\" aria-hidden=\"true\"><\/span><span class=\"forminator-checkbox-label\"><strong>La madeleine de Proust <\/strong>: s\u00e9jour 100% sur mesure*<\/span><\/label><\/div><\/div><\/div><div class=\"forminator-row\"><div id=\"textarea-1\" class=\"forminator-field-textarea forminator-col forminator-col-12 \"><div class=\"forminator-field\"><label for=\"forminator-field-textarea-1_69f03026bb14a\" id=\"forminator-field-textarea-1_69f03026bb14a-label\" class=\"forminator-label\">* Puissants d\u00e9clencheurs de m\u00e9moire, les go\u00fbts et les parfums nous transportent dans le temps. Replongez dans votre enfance, dans votre histoire familiale, ou offrez \u00e0 vos proches, qui ont grandi loin de leur terre d\u2019origine, une exp\u00e9rience sensorielle unique. Racontez-nous vos souvenirs ou vos envies et nous vous pr\u00e9parerons une madeleine \u00e0 votre go\u00fbt<\/label><textarea name=\"textarea-1\" placeholder=\"\" id=\"forminator-field-textarea-1_69f03026bb14a\" class=\"forminator-textarea\" rows=\"6\" style=\"--forminator-textarea-min-height:140px;\" maxlength=\"1000\" ><\/textarea><span id=\"forminator-field-textarea-1_69f03026bb14a-description\" class=\"forminator-description\"><span data-limit=\"1000\" data-type=\"characters\" data-editor=\"\">0 \/ 1000<\/span><\/span><\/div><\/div><\/div><div class=\"forminator-row\"><div id=\"name-1\" class=\"forminator-field-name forminator-col forminator-col-12 \"><div class=\"forminator-field\"><label for=\"forminator-field-name-1_69f03026bb14a\" id=\"forminator-field-name-1_69f03026bb14a-label\" class=\"forminator-label\">Nom <span class=\"forminator-required\">*<\/span><\/label><input type=\"text\" name=\"name-1\" value=\"\" placeholder=\"\" id=\"forminator-field-name-1_69f03026bb14a\" class=\"forminator-input forminator-name--field\" aria-required=\"true\" autocomplete=\"name\" \/><\/div><\/div><\/div><div class=\"forminator-row\"><div id=\"email-1\" class=\"forminator-field-email forminator-col forminator-col-12 \"><div class=\"forminator-field\"><label for=\"forminator-field-email-1_69f03026bb14a\" id=\"forminator-field-email-1_69f03026bb14a-label\" class=\"forminator-label\">Email <span class=\"forminator-required\">*<\/span><\/label><input type=\"email\" name=\"email-1\" value=\"\" placeholder=\"\" id=\"forminator-field-email-1_69f03026bb14a\" class=\"forminator-input forminator-email--field\" data-required=\"true\" aria-required=\"true\" autocomplete=\"email\" \/><\/div><\/div><\/div><div class=\"forminator-row\"><div id=\"phone-1\" class=\"forminator-field-phone forminator-col forminator-col-12 \"><div class=\"forminator-field\"><label for=\"forminator-field-phone-1_69f03026bb14a\" id=\"forminator-field-phone-1_69f03026bb14a-label\" class=\"forminator-label\">Num\u00e9ro de t\u00e9l\u00e9phone<\/label><input type=\"text\" name=\"phone-1\" value=\"\" placeholder=\"\" id=\"forminator-field-phone-1_69f03026bb14a\" class=\"forminator-input forminator-field--phone\" data-required=\"\" aria-required=\"false\" autocomplete=\"off\" data-validation=\"1\" \/><\/div><\/div><\/div><input type=\"hidden\" name=\"referer_url\" value=\"\" \/><div class=\"forminator-row forminator-row-last\"><div class=\"forminator-col\"><div class=\"forminator-field\"><button class=\"forminator-button forminator-button-submit form-fiels\"><span>Envoyer<\/span><span aria-hidden=\"true\"><\/span><\/button><\/div><\/div><\/div><input type=\"hidden\" id=\"forminator_nonce\" name=\"forminator_nonce\" value=\"bad557e3c6\" \/><input type=\"hidden\" name=\"_wp_http_referer\" value=\"\/eng\/wp-json\/wp\/v2\/pages\/1336\" \/><input type=\"hidden\" name=\"form_id\" value=\"120\"><input type=\"hidden\" name=\"page_id\" value=\"1336\"><input type=\"hidden\" name=\"form_type\" value=\"default\"><input type=\"hidden\" name=\"current_url\" value=\"https:\/\/sawataste.com\/eng\/a-la-carte\/\"><input type=\"hidden\" name=\"render_id\" value=\"0\"><input type=\"hidden\" name=\"action\" value=\"forminator_submit_form_custom-forms\"><\/form><\/p>\n\n\n\n<p><\/p>\n","protected":false},"excerpt":{"rendered":"<p>\u00c0 la carte 2 jours ou plus<\/p>","protected":false},"author":1,"featured_media":0,"parent":0,"menu_order":0,"comment_status":"closed","ping_status":"closed","template":"","meta":{"_monsterinsights_skip_tracking":false,"_monsterinsights_sitenote_active":false,"_monsterinsights_sitenote_note":"","_monsterinsights_sitenote_category":0,"pgc_sgb_lightbox_settings":"","_kad_post_transparent":"","_kad_post_title":"hide","_kad_post_layout":"","_kad_post_sidebar_id":"","_kad_post_content_style":"boxed","_kad_post_vertical_padding":"hide","_kad_post_feature":"","_kad_post_feature_position":"","_kad_post_header":false,"_kad_post_footer":false,"footnotes":""},"class_list":["post-1336","page","type-page","status-publish","hentry"],"_links":{"self":[{"href":"https:\/\/sawataste.com\/eng\/wp-json\/wp\/v2\/pages\/1336","targetHints":{"allow":["GET"]}}],"collection":[{"href":"https:\/\/sawataste.com\/eng\/wp-json\/wp\/v2\/pages"}],"about":[{"href":"https:\/\/sawataste.com\/eng\/wp-json\/wp\/v2\/types\/page"}],"author":[{"embeddable":true,"href":"https:\/\/sawataste.com\/eng\/wp-json\/wp\/v2\/users\/1"}],"replies":[{"embeddable":true,"href":"https:\/\/sawataste.com\/eng\/wp-json\/wp\/v2\/comments?post=1336"}],"version-history":[{"count":9,"href":"https:\/\/sawataste.com\/eng\/wp-json\/wp\/v2\/pages\/1336\/revisions"}],"predecessor-version":[{"id":1705,"href":"https:\/\/sawataste.com\/eng\/wp-json\/wp\/v2\/pages\/1336\/revisions\/1705"}],"wp:attachment":[{"href":"https:\/\/sawataste.com\/eng\/wp-json\/wp\/v2\/media?parent=1336"}],"curies":[{"name":"wp","href":"https:\/\/api.w.org\/{rel}","templated":true}]}}