{"id":22,"date":"2023-09-06T11:52:59","date_gmt":"2023-09-06T10:52:59","guid":{"rendered":"https:\/\/sawataste.com\/?page_id=22"},"modified":"2025-07-27T14:27:55","modified_gmt":"2025-07-27T13:27:55","slug":"au-menu","status":"publish","type":"page","link":"https:\/\/sawataste.com\/eng\/au-menu\/","title":{"rendered":"Itineraries"},"content":{"rendered":"<style>.kb-row-layout-id22_ebf5a6-09 > .kt-row-column-wrap{align-content:start;}:where(.kb-row-layout-id22_ebf5a6-09 > .kt-row-column-wrap) > .wp-block-kadence-column{justify-content:start;}.kb-row-layout-id22_ebf5a6-09 > .kt-row-column-wrap{column-gap:var(--global-kb-gap-lg, 4rem);row-gap:var(--global-kb-gap-md, 2rem);max-width:var( --global-content-width, 1290px );padding-left:var(--global-content-edge-padding);padding-right:var(--global-content-edge-padding);padding-top:var(--global-kb-spacing-sm, 1.5rem);padding-bottom:var(--global-kb-spacing-sm, 1.5rem);grid-template-columns:minmax(0, 1fr);}.kb-row-layout-id22_ebf5a6-09 > .kt-row-layout-overlay{opacity:0.30;}.kb-row-layout-id22_ebf5a6-09 ,.kb-row-layout-id22_ebf5a6-09 h1,.kb-row-layout-id22_ebf5a6-09 h2,.kb-row-layout-id22_ebf5a6-09 h3,.kb-row-layout-id22_ebf5a6-09 h4,.kb-row-layout-id22_ebf5a6-09 h5,.kb-row-layout-id22_ebf5a6-09 h6{color:var(--global-palette3, #1A202C);}.kb-row-layout-id22_ebf5a6-09 a{color:var(--global-palette4, #2D3748);}.kb-row-layout-id22_ebf5a6-09 a:hover{color:var(--global-palette5, #4A5568);}.kb-row-layout-id22_ebf5a6-09 .kt-row-layout-bottom-sep{height:100px;}.kb-row-layout-id22_ebf5a6-09 .kt-row-layout-bottom-sep svg{width:100%;}.kb-row-layout-id22_ebf5a6-09 .kt-row-layout-bottom-sep svg{fill:#ffffff!important;}.kb-row-layout-id22_ebf5a6-09 .kt-row-layout-top-sep{height:100px;}.kb-row-layout-id22_ebf5a6-09 .kt-row-layout-top-sep svg{width:100%;}.kb-row-layout-id22_ebf5a6-09 .kt-row-layout-top-sep svg{fill:#ffffff!important;}@media all and (max-width: 1024px){.kb-row-layout-id22_ebf5a6-09 > .kt-row-column-wrap{grid-template-columns:minmax(0, 1fr);}}@media all and (max-width: 1024px){.kb-row-layout-id22_ebf5a6-09 .kt-row-layout-bottom-sep{height:px;}}@media all and (max-width: 1024px){.kb-row-layout-id22_ebf5a6-09 .kt-row-layout-bottom-sep svg{width:%;}}@media all and (max-width: 767px){.kb-row-layout-id22_ebf5a6-09 > .kt-row-column-wrap{grid-template-columns:minmax(0, 1fr);}.kb-row-layout-id22_ebf5a6-09 .kt-row-layout-bottom-sep{height:px;}.kb-row-layout-id22_ebf5a6-09 .kt-row-layout-bottom-sep svg{width:%;}}<\/style><div class=\"kb-row-layout-wrap kb-row-layout-id22_ebf5a6-09 alignfull has-theme-palette9-background-color kt-row-has-bg wp-block-kadence-rowlayout\"><div class=\"kt-blocks-carousel kb-blocks-bg-slider kt-carousel-container-dotstyle-dark\"><div class=\"kt-blocks-carousel-init splide kb-blocks-bg-slider-init kt-carousel-arrowstyle-none kt-carousel-dotstyle-dark\" data-slider-anim-speed=\"400\" data-slider-type=\"slider\" data-slider-scroll=\"1\" data-slider-arrows=\"false\" data-slider-fade=\"true\" data-slider-dots=\"true\" data-slider-hover-pause=\"false\" data-slider-auto=\"true\" data-slider-speed=\"7000\" data-show-pause-button=\"false\"><div class=\"splide__track\"><ul class=\"splide__list\"><li class=\"splide__slide kb-bg-slide-contain\"><div  class=\"kb-bg-slide kb-bg-slide-0\" style=\"background-image:url(https:\/\/sawataste.com\/wp-content\/uploads\/2023\/10\/Nos-Menus.jpeg); background-size:cover; background-position:center center; background-repeat:no-repeat;\"><\/div><\/li><\/ul><\/div><\/div><\/div><div class=\"kt-row-column-wrap kt-has-1-columns kt-row-layout-equal kt-tab-layout-inherit kt-mobile-layout-row kt-row-valign-top kb-theme-content-width\">\n<style>.kadence-column22_c4aa3f-28 > .kt-inside-inner-col{padding-right:var(--global-kb-spacing-lg, 3rem);}.kadence-column22_c4aa3f-28 > .kt-inside-inner-col,.kadence-column22_c4aa3f-28 > .kt-inside-inner-col:before{border-top-left-radius:0px;border-top-right-radius:0px;border-bottom-right-radius:0px;border-bottom-left-radius:0px;}.kadence-column22_c4aa3f-28 > .kt-inside-inner-col{column-gap:var(--global-kb-gap-sm, 1rem);}.kadence-column22_c4aa3f-28 > .kt-inside-inner-col{flex-direction:column;}.kadence-column22_c4aa3f-28 > .kt-inside-inner-col > .aligncenter{width:100%;}.kadence-column22_c4aa3f-28 > .kt-inside-inner-col:before{opacity:0.3;}.kadence-column22_c4aa3f-28{text-align:left;}.kadence-column22_c4aa3f-28, .kadence-column22_c4aa3f-28 h1, .kadence-column22_c4aa3f-28 h2, .kadence-column22_c4aa3f-28 h3, .kadence-column22_c4aa3f-28 h4, .kadence-column22_c4aa3f-28 h5, .kadence-column22_c4aa3f-28 h6{color:var(--global-palette3, #1A202C);}.kadence-column22_c4aa3f-28{position:relative;}@media all and (max-width: 1024px){.kadence-column22_c4aa3f-28 > .kt-inside-inner-col{flex-direction:column;justify-content:center;}}@media all and (max-width: 767px){.kadence-column22_c4aa3f-28 > .kt-inside-inner-col{flex-direction:column;justify-content:center;}}<\/style>\n<div class=\"wp-block-kadence-column kadence-column22_c4aa3f-28\"><div class=\"kt-inside-inner-col\"><style>.wp-block-kadence-advancedheading.kt-adv-heading22_a165b1-30, .wp-block-kadence-advancedheading.kt-adv-heading22_a165b1-30[data-kb-block=\"kb-adv-heading22_a165b1-30\"]{text-align:center;font-size:var(--global-kb-font-size-xxl, 4rem);font-style:normal;}.wp-block-kadence-advancedheading.kt-adv-heading22_a165b1-30 mark.kt-highlight, .wp-block-kadence-advancedheading.kt-adv-heading22_a165b1-30[data-kb-block=\"kb-adv-heading22_a165b1-30\"] mark.kt-highlight{font-style:normal;color:#f76a0c;-webkit-box-decoration-break:clone;box-decoration-break:clone;padding-top:0px;padding-right:0px;padding-bottom:0px;padding-left:0px;}.wp-block-kadence-advancedheading.kt-adv-heading22_a165b1-30 img.kb-inline-image, .wp-block-kadence-advancedheading.kt-adv-heading22_a165b1-30[data-kb-block=\"kb-adv-heading22_a165b1-30\"] img.kb-inline-image{width:150px;vertical-align:baseline;}<\/style>\n<h1 class=\"kt-adv-heading22_a165b1-30 wp-block-kadence-advancedheading has-theme-palette-4-color has-text-color\" data-kb-block=\"kb-adv-heading22_a165b1-30\">Itin\u00e9raires<\/h1>\n<\/div><\/div>\n\n<\/div><\/div>\n\n<style>.kadence-column22_95aea9-6b > .kt-inside-inner-col,.kadence-column22_95aea9-6b > .kt-inside-inner-col:before{border-top-left-radius:0px;border-top-right-radius:0px;border-bottom-right-radius:0px;border-bottom-left-radius:0px;}.kadence-column22_95aea9-6b > .kt-inside-inner-col{column-gap:var(--global-kb-gap-sm, 1rem);}.kadence-column22_95aea9-6b > .kt-inside-inner-col{flex-direction:column;}.kadence-column22_95aea9-6b > .kt-inside-inner-col > .aligncenter{width:100%;}.kadence-column22_95aea9-6b > .kt-inside-inner-col:before{opacity:0.3;}.kadence-column22_95aea9-6b{position:relative;}@media all and (max-width: 1024px){.kadence-column22_95aea9-6b > .kt-inside-inner-col{flex-direction:column;justify-content:center;}}@media all and (max-width: 767px){.kadence-column22_95aea9-6b > .kt-inside-inner-col{flex-direction:column;justify-content:center;}}<\/style>\n<div class=\"wp-block-kadence-column kadence-column22_95aea9-6b\"><div class=\"kt-inside-inner-col\">\n<p><\/p>\n\n\n<style>.wp-block-kadence-advancedheading.kt-adv-heading22_a46f6f-69, .wp-block-kadence-advancedheading.kt-adv-heading22_a46f6f-69[data-kb-block=\"kb-adv-heading22_a46f6f-69\"]{font-style:normal;}.wp-block-kadence-advancedheading.kt-adv-heading22_a46f6f-69 mark.kt-highlight, .wp-block-kadence-advancedheading.kt-adv-heading22_a46f6f-69[data-kb-block=\"kb-adv-heading22_a46f6f-69\"] mark.kt-highlight{font-style:normal;color:#f76a0c;-webkit-box-decoration-break:clone;box-decoration-break:clone;padding-top:0px;padding-right:0px;padding-bottom:0px;padding-left:0px;}.wp-block-kadence-advancedheading.kt-adv-heading22_a46f6f-69 img.kb-inline-image, .wp-block-kadence-advancedheading.kt-adv-heading22_a46f6f-69[data-kb-block=\"kb-adv-heading22_a46f6f-69\"] img.kb-inline-image{width:150px;vertical-align:baseline;}<\/style>\n<h2 class=\"kt-adv-heading22_a46f6f-69 wp-block-kadence-advancedheading\" data-kb-block=\"kb-adv-heading22_a46f6f-69\">Nous organisons soigneusement des exp\u00e9riences culinaires allant d&rsquo;une demie-journ\u00e9e \u00e0 8 jours ou plus, parfois autour de th\u00e8mes pr\u00e9cis (r\u00e9colte des olives, distillation d&rsquo;eaux florales au printemps). Contactez-nous ou choisissez parmi les propositions suivantes pour plus de d\u00e9tails <\/h2>\n<\/div><\/div>\n\n\n<style>.kb-row-layout-id22_d09e09-aa > .kt-row-column-wrap{align-content:start;}:where(.kb-row-layout-id22_d09e09-aa > .kt-row-column-wrap) > .wp-block-kadence-column{justify-content:start;}.kb-row-layout-id22_d09e09-aa > .kt-row-column-wrap{column-gap:var(--global-kb-gap-md, 2rem);row-gap:var(--global-kb-gap-md, 2rem);padding-top:var(--global-kb-spacing-sm, 1.5rem);padding-bottom:var(--global-kb-spacing-sm, 1.5rem);grid-template-columns:repeat(2, minmax(0, 1fr));}.kb-row-layout-id22_d09e09-aa > .kt-row-layout-overlay{opacity:0.30;}@media all and (max-width: 1024px){.kb-row-layout-id22_d09e09-aa > .kt-row-column-wrap{grid-template-columns:repeat(2, minmax(0, 1fr));}}@media all and (max-width: 767px){.kb-row-layout-id22_d09e09-aa > .kt-row-column-wrap{grid-template-columns:minmax(0, 1fr);}}<\/style><div class=\"kb-row-layout-wrap kb-row-layout-id22_d09e09-aa alignnone wp-block-kadence-rowlayout\"><div class=\"kt-row-column-wrap kt-has-2-columns kt-row-layout-equal kt-tab-layout-inherit kt-mobile-layout-row kt-row-valign-top\">\n<style>.kadence-column22_7ce51b-c7 > .kt-inside-inner-col,.kadence-column22_7ce51b-c7 > .kt-inside-inner-col:before{border-top-left-radius:0px;border-top-right-radius:0px;border-bottom-right-radius:0px;border-bottom-left-radius:0px;}.kadence-column22_7ce51b-c7 > .kt-inside-inner-col{column-gap:var(--global-kb-gap-sm, 1rem);}.kadence-column22_7ce51b-c7 > .kt-inside-inner-col{flex-direction:column;}.kadence-column22_7ce51b-c7 > .kt-inside-inner-col > .aligncenter{width:100%;}.kadence-column22_7ce51b-c7 > .kt-inside-inner-col:before{opacity:0.3;}.kadence-column22_7ce51b-c7{position:relative;}@media all and (max-width: 1024px){.kadence-column22_7ce51b-c7 > .kt-inside-inner-col{flex-direction:column;justify-content:center;}}@media all and (max-width: 767px){.kadence-column22_7ce51b-c7 > .kt-inside-inner-col{flex-direction:column;justify-content:center;}}<\/style>\n<div class=\"wp-block-kadence-column kadence-column22_7ce51b-c7 kb-section-dir-vertical kb-section-sm-dir-vertical\"><div class=\"kt-inside-inner-col\"><style>.wp-block-kadence-column.kb-section-dir-horizontal > .kt-inside-inner-col > .kt-info-box22_f6538a-59 .kt-blocks-info-box-link-wrap{max-width:unset;}.kt-info-box22_f6538a-59 .kt-blocks-info-box-link-wrap{border-top:5px solid var(--global-palette7, #EDF2F7);border-right:5px solid var(--global-palette7, #EDF2F7);border-bottom:5px solid var(--global-palette7, #EDF2F7);border-left:5px solid var(--global-palette7, #EDF2F7);border-top-left-radius:20px;border-top-right-radius:20px;border-bottom-right-radius:20px;border-bottom-left-radius:20px;background:#ffffff;padding-top:var(--global-kb-spacing-sm, 1.5rem);padding-right:var(--global-kb-spacing-sm, 1.5rem);padding-bottom:var(--global-kb-spacing-sm, 1.5rem);padding-left:var(--global-kb-spacing-sm, 1.5rem);margin-top:50px;}.kt-info-box22_f6538a-59 .kt-blocks-info-box-link-wrap:hover{border-top:5px solid var(--global-palette4, #2D3748);border-right:5px solid var(--global-palette4, #2D3748);border-bottom:5px solid var(--global-palette4, #2D3748);border-left:5px solid var(--global-palette4, #2D3748);}.kt-info-box22_f6538a-59.wp-block-kadence-infobox{max-width:100%;}.kt-info-box22_f6538a-59 .kadence-info-box-image-inner-intrisic-container{max-width:100px;}.kt-info-box22_f6538a-59 .kadence-info-box-image-inner-intrisic-container .kadence-info-box-image-intrisic{padding-bottom:100%;width:150px;height:0px;max-width:100%;}.kt-info-box22_f6538a-59 .kadence-info-box-icon-container .kt-info-svg-icon, .kt-info-box22_f6538a-59 .kt-info-svg-icon-flip, .kt-info-box22_f6538a-59 .kt-blocks-info-box-number{font-size:50px;}.kt-info-box22_f6538a-59 .kt-blocks-info-box-media{background:#ffffff;border-color:var(--global-palette7, #eeeeee);border-radius:200px;overflow:hidden;border-top-width:5px;border-right-width:5px;border-bottom-width:5px;border-left-width:5px;padding-top:20px;padding-right:20px;padding-bottom:20px;padding-left:20px;}.kt-info-box22_f6538a-59 .kt-blocks-info-box-media-container{margin-top:-75px;margin-right:0px;margin-bottom:20px;margin-left:0px;}.kt-info-box22_f6538a-59 .kt-blocks-info-box-media .kadence-info-box-image-intrisic img{border-radius:200px;}.kt-info-box22_f6538a-59 .kt-infobox-textcontent h2.kt-blocks-info-box-title{padding-top:0px;padding-right:0px;padding-bottom:0px;padding-left:0px;margin-top:5px;margin-right:0px;margin-bottom:10px;margin-left:0px;}.kt-info-box22_f6538a-59 .kt-blocks-info-box-learnmore{color:var(--global-palette8, #F7FAFC);background:var(--global-palette2, #2B6CB0);border-color:var(--global-palette2, #2B6CB0);border-radius:6px;border-width:2px 2px 2px 2px;padding-top:4px;padding-right:8px;padding-bottom:4px;padding-left:8px;margin-top:10px;margin-right:0px;margin-bottom:10px;margin-left:0px;}.kt-info-box22_f6538a-59 .kt-blocks-info-box-link-wrap:hover .kt-blocks-info-box-learnmore,.kt-info-box22_f6538a-59 .kt-blocks-info-box-link-wrap .kt-blocks-info-box-learnmore:focus{border-color:var(--global-palette2, #2B6CB0);}@media all and (max-width: 1024px){.kt-info-box22_f6538a-59 .kt-blocks-info-box-link-wrap{border-top:5px solid var(--global-palette7, #EDF2F7);border-right:5px solid var(--global-palette7, #EDF2F7);border-bottom:5px solid var(--global-palette7, #EDF2F7);border-left:5px solid var(--global-palette7, #EDF2F7);}}@media all and (max-width: 1024px){.kt-info-box22_f6538a-59 .kt-blocks-info-box-link-wrap:hover{border-top:5px solid var(--global-palette4, #2D3748);border-right:5px solid var(--global-palette4, #2D3748);border-bottom:5px solid var(--global-palette4, #2D3748);border-left:5px solid var(--global-palette4, #2D3748);}}@media all and (max-width: 767px){.kt-info-box22_f6538a-59 .kt-blocks-info-box-link-wrap{border-top:5px solid var(--global-palette7, #EDF2F7);border-right:5px solid var(--global-palette7, #EDF2F7);border-bottom:5px solid var(--global-palette7, #EDF2F7);border-left:5px solid var(--global-palette7, #EDF2F7);}.kt-info-box22_f6538a-59 .kt-blocks-info-box-link-wrap:hover{border-top:5px solid var(--global-palette4, #2D3748);border-right:5px solid var(--global-palette4, #2D3748);border-bottom:5px solid var(--global-palette4, #2D3748);border-left:5px solid var(--global-palette4, #2D3748);}}<\/style>\n<div class=\"wp-block-kadence-infobox kt-info-box22_f6538a-59\"><div class=\"kt-blocks-info-box-link-wrap kt-blocks-info-box-media-align-top kt-info-halign-center\"><div class=\"kt-blocks-info-box-media-container\"><div class=\"kt-blocks-info-box-media kt-info-media-animate-none\"><div class=\"kadence-info-box-image-inner-intrisic-container\"><div class=\"kadence-info-box-image-intrisic kt-info-animate-none\"><div class=\"kadence-info-box-image-inner-intrisic\"><img loading=\"lazy\" src=\"https:\/\/sawataste.com\/wp-content\/uploads\/2023\/10\/b28a24f4-bad7-47d9-9618-a78f485829dc-150x150.jpg\" alt=\"\" width=\"150\" height=\"150\" class=\"kt-info-box-image wp-image-797\"\/><\/div><\/div><\/div><\/div><\/div><div class=\"kt-infobox-textcontent\"><h2 class=\"kt-blocks-info-box-title\"><strong>Voyage de plusieurs jours<\/strong><\/h2><p class=\"kt-blocks-info-box-text\"> Au menu, plats typiques, saveurs inoubliables et lieux embl\u00e9matiques&nbsp;!<\/p><div class=\"kt-blocks-info-box-learnmore-wrap\"><a class=\"kt-blocks-info-box-learnmore info-box-link\" href=\"https:\/\/sawataste.com\/flanerie-gourmande\/\">Plus de d\u00e9tails<\/a><\/div><\/div><\/div><\/div>\n<\/div><\/div>\n\n\n<style>.kadence-column22_16e281-6b > .kt-inside-inner-col,.kadence-column22_16e281-6b > .kt-inside-inner-col:before{border-top-left-radius:0px;border-top-right-radius:0px;border-bottom-right-radius:0px;border-bottom-left-radius:0px;}.kadence-column22_16e281-6b > .kt-inside-inner-col{column-gap:var(--global-kb-gap-sm, 1rem);}.kadence-column22_16e281-6b > .kt-inside-inner-col{flex-direction:column;}.kadence-column22_16e281-6b > .kt-inside-inner-col > .aligncenter{width:100%;}.kadence-column22_16e281-6b > .kt-inside-inner-col:before{opacity:0.3;}.kadence-column22_16e281-6b{position:relative;}@media all and (max-width: 1024px){.kadence-column22_16e281-6b > .kt-inside-inner-col{flex-direction:column;justify-content:center;}}@media all and (max-width: 767px){.kadence-column22_16e281-6b > .kt-inside-inner-col{flex-direction:column;justify-content:center;}}<\/style>\n<div class=\"wp-block-kadence-column kadence-column22_16e281-6b\"><div class=\"kt-inside-inner-col\"><style>.wp-block-kadence-column.kb-section-dir-horizontal > .kt-inside-inner-col > .kt-info-box22_92f1a3-52 .kt-blocks-info-box-link-wrap{max-width:unset;}.kt-info-box22_92f1a3-52 .kt-blocks-info-box-link-wrap{border-top:5px solid var(--global-palette7, #eeeeee);border-right:5px solid var(--global-palette7, #eeeeee);border-bottom:5px solid var(--global-palette7, #eeeeee);border-left:5px solid var(--global-palette7, #eeeeee);border-top-left-radius:20px;border-top-right-radius:20px;border-bottom-right-radius:20px;border-bottom-left-radius:20px;background:#ffffff;padding-top:var(--global-kb-spacing-sm, 1.5rem);padding-right:var(--global-kb-spacing-sm, 1.5rem);padding-bottom:var(--global-kb-spacing-sm, 1.5rem);padding-left:var(--global-kb-spacing-sm, 1.5rem);margin-top:50px;}.kt-info-box22_92f1a3-52 .kt-blocks-info-box-link-wrap:hover{border-top:5px solid var(--global-palette4, #2D3748);border-right:5px solid var(--global-palette4, #2D3748);border-bottom:5px solid var(--global-palette4, #2D3748);border-left:5px solid var(--global-palette4, #2D3748);}.kt-info-box22_92f1a3-52.wp-block-kadence-infobox{max-width:100%;}.kt-info-box22_92f1a3-52 .kadence-info-box-image-inner-intrisic-container{max-width:100px;}.kt-info-box22_92f1a3-52 .kadence-info-box-image-inner-intrisic-container .kadence-info-box-image-intrisic{padding-bottom:100%;width:150px;height:0px;max-width:100%;}.kt-info-box22_92f1a3-52 .kadence-info-box-icon-container .kt-info-svg-icon, .kt-info-box22_92f1a3-52 .kt-info-svg-icon-flip, .kt-info-box22_92f1a3-52 .kt-blocks-info-box-number{font-size:50px;}.kt-info-box22_92f1a3-52 .kt-blocks-info-box-media{background:#ffffff;border-color:var(--global-palette7, #eeeeee);border-radius:200px;overflow:hidden;border-top-width:5px;border-right-width:5px;border-bottom-width:5px;border-left-width:5px;padding-top:20px;padding-right:20px;padding-bottom:20px;padding-left:20px;}.kt-info-box22_92f1a3-52 .kt-blocks-info-box-media-container{margin-top:-75px;margin-right:0px;margin-bottom:20px;margin-left:0px;}.kt-info-box22_92f1a3-52 .kt-blocks-info-box-media .kadence-info-box-image-intrisic img{border-radius:200px;}.kt-info-box22_92f1a3-52 .kt-infobox-textcontent h2.kt-blocks-info-box-title{padding-top:0px;padding-right:0px;padding-bottom:0px;padding-left:0px;margin-top:5px;margin-right:0px;margin-bottom:10px;margin-left:0px;}.kt-info-box22_92f1a3-52 .kt-blocks-info-box-learnmore{color:var(--global-palette8, #F7FAFC);background:var(--global-palette2, #2B6CB0);border-color:var(--global-palette2, #2B6CB0);border-radius:6px;border-width:2px 2px 2px 2px;padding-top:4px;padding-right:8px;padding-bottom:4px;padding-left:8px;margin-top:10px;margin-right:0px;margin-bottom:10px;margin-left:0px;}.kt-info-box22_92f1a3-52 .kt-blocks-info-box-link-wrap:hover .kt-blocks-info-box-learnmore,.kt-info-box22_92f1a3-52 .kt-blocks-info-box-link-wrap .kt-blocks-info-box-learnmore:focus{border-color:var(--global-palette2, #2B6CB0);}@media all and (max-width: 1024px){.kt-info-box22_92f1a3-52 .kt-blocks-info-box-link-wrap{border-top:5px solid var(--global-palette7, #eeeeee);border-right:5px solid var(--global-palette7, #eeeeee);border-bottom:5px solid var(--global-palette7, #eeeeee);border-left:5px solid var(--global-palette7, #eeeeee);}}@media all and (max-width: 1024px){.kt-info-box22_92f1a3-52 .kt-blocks-info-box-link-wrap:hover{border-top:5px solid var(--global-palette4, #2D3748);border-right:5px solid var(--global-palette4, #2D3748);border-bottom:5px solid var(--global-palette4, #2D3748);border-left:5px solid var(--global-palette4, #2D3748);}}@media all and (max-width: 767px){.kt-info-box22_92f1a3-52 .kt-blocks-info-box-link-wrap{border-top:5px solid var(--global-palette7, #eeeeee);border-right:5px solid var(--global-palette7, #eeeeee);border-bottom:5px solid var(--global-palette7, #eeeeee);border-left:5px solid var(--global-palette7, #eeeeee);}.kt-info-box22_92f1a3-52 .kt-blocks-info-box-link-wrap:hover{border-top:5px solid var(--global-palette4, #2D3748);border-right:5px solid var(--global-palette4, #2D3748);border-bottom:5px solid var(--global-palette4, #2D3748);border-left:5px solid var(--global-palette4, #2D3748);}}<\/style>\n<div class=\"wp-block-kadence-infobox kt-info-box22_92f1a3-52\"><a class=\"kt-blocks-info-box-link-wrap info-box-link kt-blocks-info-box-media-align-top kt-info-halign-center\" href=\"https:\/\/sawataste.com\/day-experiences\/\"><div class=\"kt-blocks-info-box-media-container\"><div class=\"kt-blocks-info-box-media kt-info-media-animate-none\"><div class=\"kadence-info-box-image-inner-intrisic-container\"><div class=\"kadence-info-box-image-intrisic kt-info-animate-none\"><div class=\"kadence-info-box-image-inner-intrisic\"><img loading=\"lazy\" src=\"https:\/\/sawataste.com\/wp-content\/uploads\/2023\/10\/Cap-bon-final-150x150.jpeg\" alt=\"\" width=\"150\" height=\"150\" class=\"kt-info-box-image wp-image-1087\"\/><\/div><\/div><\/div><\/div><\/div><div class=\"kt-infobox-textcontent\"><h2 class=\"kt-blocks-info-box-title\"><strong>Exp\u00e9riences \u00e0 vivre en une journ\u00e9e<\/strong><\/h2><p class=\"kt-blocks-info-box-text\">Balades culinaires, initiation aux savoir-faire local, cours de cuisine, visites de producteurs et plus encore<br><\/p><div class=\"kt-blocks-info-box-learnmore-wrap\"><span class=\"kt-blocks-info-box-learnmore\">Plus de d\u00e9tails<\/span><\/div><\/div><\/a><\/div>\n<\/div><\/div>\n\n<\/div><\/div>\n\n<style>.kadence-column22_d87743-bb > .kt-inside-inner-col,.kadence-column22_d87743-bb > .kt-inside-inner-col:before{border-top-left-radius:0px;border-top-right-radius:0px;border-bottom-right-radius:0px;border-bottom-left-radius:0px;}.kadence-column22_d87743-bb > .kt-inside-inner-col{column-gap:var(--global-kb-gap-sm, 1rem);}.kadence-column22_d87743-bb > .kt-inside-inner-col{flex-direction:column;}.kadence-column22_d87743-bb > .kt-inside-inner-col > .aligncenter{width:100%;}.kadence-column22_d87743-bb > .kt-inside-inner-col:before{opacity:0.3;}.kadence-column22_d87743-bb{position:relative;}@media all and (max-width: 1024px){.kadence-column22_d87743-bb > .kt-inside-inner-col{flex-direction:column;justify-content:center;}}@media all and (max-width: 767px){.kadence-column22_d87743-bb > .kt-inside-inner-col{flex-direction:column;justify-content:center;}}<\/style>\n<div class=\"wp-block-kadence-column kadence-column22_d87743-bb\"><div class=\"kt-inside-inner-col\"><\/div><\/div>\n\n\n\n<p class=\"has-text-align-center\">La plupart de nos exp\u00e9riences et activit\u00e9s se d\u00e9roulent autour de Tunis et dans le Cap Bon, mais nous organisons \u00e9galement des activit\u00e9s ailleurs dans le pays, n&rsquo;h\u00e9sitez pas \u00e0 nous contacter pour cr\u00e9er votre s\u00e9jour.<\/p>\n\n\n<div class=\"wp-block-image\">\n<figure class=\"aligncenter size-large is-resized\"><img loading=\"lazy\" width=\"1024\" height=\"875\" src=\"https:\/\/sawataste.com\/wp-content\/uploads\/2023\/11\/Map-1024x875.png\" alt=\"\" class=\"wp-image-1395\" style=\"width:500px\" srcset=\"https:\/\/sawataste.com\/wp-content\/uploads\/2023\/11\/Map-1024x875.png 1024w, https:\/\/sawataste.com\/wp-content\/uploads\/2023\/11\/Map-300x256.png 300w, https:\/\/sawataste.com\/wp-content\/uploads\/2023\/11\/Map-768x656.png 768w, https:\/\/sawataste.com\/wp-content\/uploads\/2023\/11\/Map-14x12.png 14w, https:\/\/sawataste.com\/wp-content\/uploads\/2023\/11\/Map-200x171.png 200w, https:\/\/sawataste.com\/wp-content\/uploads\/2023\/11\/Map.png 1513w\" sizes=\"auto, (max-width: 1024px) 100vw, 1024px\" \/><\/figure><\/div>","protected":false},"excerpt":{"rendered":"<p>Itin\u00e9raires Nous organisons soigneusement des exp\u00e9riences culinaires allant d&rsquo;une demie-journ\u00e9e \u00e0 8 jours ou plus, parfois autour de th\u00e8mes pr\u00e9cis (r\u00e9colte des olives, distillation d&rsquo;eaux florales au printemps). Contactez-nous ou choisissez parmi les propositions suivantes pour plus de d\u00e9tails La plupart de nos exp\u00e9riences et activit\u00e9s se d\u00e9roulent autour de Tunis et dans le Cap&#8230;<\/p>","protected":false},"author":1,"featured_media":0,"parent":0,"menu_order":0,"comment_status":"closed","ping_status":"closed","template":"","meta":{"_monsterinsights_skip_tracking":false,"_monsterinsights_sitenote_active":false,"_monsterinsights_sitenote_note":"","_monsterinsights_sitenote_category":0,"pgc_sgb_lightbox_settings":"","_kad_post_transparent":"disable","_kad_post_title":"hide","_kad_post_layout":"default","_kad_post_sidebar_id":"","_kad_post_content_style":"default","_kad_post_vertical_padding":"hide","_kad_post_feature":"","_kad_post_feature_position":"","_kad_post_header":false,"_kad_post_footer":false,"footnotes":""},"class_list":["post-22","page","type-page","status-publish","hentry"],"_links":{"self":[{"href":"https:\/\/sawataste.com\/eng\/wp-json\/wp\/v2\/pages\/22","targetHints":{"allow":["GET"]}}],"collection":[{"href":"https:\/\/sawataste.com\/eng\/wp-json\/wp\/v2\/pages"}],"about":[{"href":"https:\/\/sawataste.com\/eng\/wp-json\/wp\/v2\/types\/page"}],"author":[{"embeddable":true,"href":"https:\/\/sawataste.com\/eng\/wp-json\/wp\/v2\/users\/1"}],"replies":[{"embeddable":true,"href":"https:\/\/sawataste.com\/eng\/wp-json\/wp\/v2\/comments?post=22"}],"version-history":[{"count":98,"href":"https:\/\/sawataste.com\/eng\/wp-json\/wp\/v2\/pages\/22\/revisions"}],"predecessor-version":[{"id":1918,"href":"https:\/\/sawataste.com\/eng\/wp-json\/wp\/v2\/pages\/22\/revisions\/1918"}],"wp:attachment":[{"href":"https:\/\/sawataste.com\/eng\/wp-json\/wp\/v2\/media?parent=22"}],"curies":[{"name":"wp","href":"https:\/\/api.w.org\/{rel}","templated":true}]}}