{"id":24,"date":"2023-09-06T11:55:41","date_gmt":"2023-09-06T10:55:41","guid":{"rendered":"https:\/\/sawataste.com\/?page_id=24"},"modified":"2023-11-02T15:25:40","modified_gmt":"2023-11-02T14:25:40","slug":"cgv","status":"publish","type":"page","link":"https:\/\/sawataste.com\/eng\/cgv\/","title":{"rendered":"CGV"},"content":{"rendered":"<p class=\"has-text-align-center has-theme-palette-4-color has-text-color\"><strong>Booking and payment conditions<\/strong><\/p>\n\n\n\n<ul class=\"wp-block-list\">\n<li>A deposit of 30% of the total cost of the stay is required at the time of confirmation, except in the case of bookings made less than fifteen days before the start of the stay, in which case 100% of the total cost is due at the time of confirmation.<\/li>\n\n\n\n<li>The balance must be paid at least 15 days before the start of your stay.<\/li>\n\n\n\n<li>We accept payment by bank transfer in TND, $CAD, EUR and $USD, as well as by credit card or Paypal in $CAD and EUR.<\/li>\n<\/ul>\n\n\n<style>.wp-block-kadence-spacer.kt-block-spacer-24_3cec63-3b .kt-block-spacer{height:30px;}.wp-block-kadence-spacer.kt-block-spacer-24_3cec63-3b .kt-divider{border-top-width:2px;border-top-color:var(--global-palette5, #4A5568);width:80%;border-top-style:solid;}<\/style>\n<div class=\"wp-block-kadence-spacer aligncenter kt-block-spacer-24_3cec63-3b\"><div class=\"kt-block-spacer kt-block-spacer-halign-center\"><hr class=\"kt-divider\"\/><\/div><\/div>\n\n\n\n<p class=\"has-text-align-center has-theme-palette-4-color has-text-color\"><strong>Cancellation policy<\/strong><\/p>\n\n\n\n<p>In the event of cancellation by the customer before the start of the holiday or in the event of early departure during the holiday, our cancellation charges are as follows:<\/p>\n\n\n\n<ul class=\"wp-block-list\">\n<li><strong>Up to 30 days before arrival<\/strong>&nbsp;: full refund of deposit.<\/li>\n\n\n\n<li><strong>15 to 29 days prior to arrival:<\/strong>&nbsp;50% refund of any amount paid to Sawa Taste of Tunisia<strong>&nbsp;<\/strong><\/li>\n\n\n\n<li><strong>7 to 14 days prior to arrival:<\/strong>&nbsp;20% refund of any amount paid to Sawa Taste of Tunisia<\/li>\n\n\n\n<li><strong>6 days before arrival, no show, or early departure:&nbsp;<\/strong>no refund possible<\/li>\n<\/ul>\n\n\n\n<p>If you are unable to take part in a holiday you have booked, you can arrange for someone else to take your place, and your payments may be fully transferable to that person.<\/p>\n\n\n<style>.wp-block-kadence-spacer.kt-block-spacer-24_59f60a-a4 .kt-block-spacer{height:30px;}.wp-block-kadence-spacer.kt-block-spacer-24_59f60a-a4 .kt-divider{border-top-width:2px;border-top-color:var(--global-palette5, #4A5568);width:80%;border-top-style:solid;}<\/style>\n<div class=\"wp-block-kadence-spacer aligncenter kt-block-spacer-24_59f60a-a4\"><div class=\"kt-block-spacer kt-block-spacer-halign-center\"><hr class=\"kt-divider\"\/><\/div><\/div>\n\n\n\n<p class=\"has-text-align-center has-theme-palette-4-color has-text-color\"><strong>Cancellation and change of stay<\/strong><\/p>\n\n\n\n<p>We are a small organization working exclusively with independent artisans and service providers, most of whom are individuals or families. It is possible that some parts of a tour may not be available during your exact dates. For example if one of our collaborators is ill or unavailable, they often do not have someone to replace them. In such cases we undertake to replace the experience with similar activities in the same spirit.<\/p>\n\n\n\n<p>In the event circumstances beyond our control make your stay impossible, we will refund all sums paid, or agree with you to postpone the stay to a later date, at your convenience and free of charge.<\/p>\n\n\n<style>.wp-block-kadence-spacer.kt-block-spacer-24_51798e-17 .kt-block-spacer{height:30px;}.wp-block-kadence-spacer.kt-block-spacer-24_51798e-17 .kt-divider{border-top-width:2px;border-top-color:var(--global-palette5, #4A5568);width:80%;border-top-style:solid;}<\/style>\n<div class=\"wp-block-kadence-spacer aligncenter kt-block-spacer-24_51798e-17\"><div class=\"kt-block-spacer kt-block-spacer-halign-center\"><hr class=\"kt-divider\"\/><\/div><\/div>\n\n\n\n<p class=\"has-text-align-center has-theme-palette-4-color has-text-color\"><strong>Services in detail<\/strong><\/p>\n\n\n\n<p><strong>Our rates include<\/strong><\/p>\n\n\n\n<ul class=\"wp-block-list\">\n<li>Transfers and ground transportation in Tunisia<\/li>\n\n\n\n<li>Accommodation<\/li>\n\n\n\n<li>Meals and snacks<\/li>\n\n\n\n<li>Visits, workshops, classes, tastings and activities<\/li>\n\n\n\n<li>All ingredients and equipment for classes and workshops<\/li>\n\n\n\n<li>Wines at tastings<\/li>\n<\/ul>\n\n\n\n<p><strong>They do not include<\/strong><\/p>\n\n\n\n<ul class=\"wp-block-list\">\n<li>Flights<\/li>\n\n\n\n<li>Personal travel insurance (cancellation, health, etc.)<\/li>\n\n\n\n<li>Tips, should you wish to leave any<\/li>\n\n\n\n<li>Alcoholic beverages you wish to consume during your stay (other than wine tastings)<\/li>\n<\/ul>","protected":false},"excerpt":{"rendered":"<p>Conditions de r\u00e9servation et de paiement Conditions d\u2019annulation En cas d\u2019annulation \u00e9manant du client avant le d\u00e9but du s\u00e9jour ou en cas de d\u00e9part anticip\u00e9 au cours du s\u00e9jour, nos frais d&rsquo;annulation sont fix\u00e9s comme suit : Si vous ne pouvez pas participer \u00e0 un s\u00e9jour que vous avez r\u00e9serv\u00e9, vous pouvez vous faire remplacer&#8230;<\/p>","protected":false},"author":1,"featured_media":0,"parent":0,"menu_order":0,"comment_status":"closed","ping_status":"closed","template":"","meta":{"_monsterinsights_skip_tracking":false,"_monsterinsights_sitenote_active":false,"_monsterinsights_sitenote_note":"","_monsterinsights_sitenote_category":0,"pgc_sgb_lightbox_settings":"","_kad_post_transparent":"disable","_kad_post_title":"hide","_kad_post_layout":"","_kad_post_sidebar_id":"","_kad_post_content_style":"","_kad_post_vertical_padding":"","_kad_post_feature":"","_kad_post_feature_position":"","_kad_post_header":false,"_kad_post_footer":false,"footnotes":""},"class_list":["post-24","page","type-page","status-publish","hentry"],"_links":{"self":[{"href":"https:\/\/sawataste.com\/eng\/wp-json\/wp\/v2\/pages\/24","targetHints":{"allow":["GET"]}}],"collection":[{"href":"https:\/\/sawataste.com\/eng\/wp-json\/wp\/v2\/pages"}],"about":[{"href":"https:\/\/sawataste.com\/eng\/wp-json\/wp\/v2\/types\/page"}],"author":[{"embeddable":true,"href":"https:\/\/sawataste.com\/eng\/wp-json\/wp\/v2\/users\/1"}],"replies":[{"embeddable":true,"href":"https:\/\/sawataste.com\/eng\/wp-json\/wp\/v2\/comments?post=24"}],"version-history":[{"count":3,"href":"https:\/\/sawataste.com\/eng\/wp-json\/wp\/v2\/pages\/24\/revisions"}],"predecessor-version":[{"id":1220,"href":"https:\/\/sawataste.com\/eng\/wp-json\/wp\/v2\/pages\/24\/revisions\/1220"}],"wp:attachment":[{"href":"https:\/\/sawataste.com\/eng\/wp-json\/wp\/v2\/media?parent=24"}],"curies":[{"name":"wp","href":"https:\/\/api.w.org\/{rel}","templated":true}]}}