{"id":536,"date":"2023-09-18T13:42:05","date_gmt":"2023-09-18T12:42:05","guid":{"rendered":"https:\/\/sawataste.com\/?page_id=536"},"modified":"2023-12-12T12:21:56","modified_gmt":"2023-12-12T11:21:56","slug":"lolivier-millenaire","status":"publish","type":"page","link":"https:\/\/sawataste.com\/eng\/lolivier-millenaire\/","title":{"rendered":"Ancient olives"},"content":{"rendered":"<style>.kb-row-layout-wrap.wp-block-kadence-rowlayout.kb-row-layout-id536_b357a1-dd{margin-bottom:var(--global-kb-spacing-lg, 3rem);}.kb-row-layout-id536_b357a1-dd > .kt-row-column-wrap{align-content:start;}:where(.kb-row-layout-id536_b357a1-dd > .kt-row-column-wrap) > .wp-block-kadence-column{justify-content:start;}.kb-row-layout-id536_b357a1-dd > .kt-row-column-wrap{column-gap:var(--global-kb-gap-md, 2rem);row-gap:var(--global-kb-gap-md, 2rem);max-width:var( --global-content-width, 1290px );padding-left:var(--global-content-edge-padding);padding-right:var(--global-content-edge-padding);padding-top:var(--global-kb-spacing-sm, 1.5rem);padding-bottom:var(--global-kb-spacing-md, 2rem);grid-template-columns:minmax(0, 2fr) minmax(0, 1fr);}.kb-row-layout-id536_b357a1-dd{background-color:#c5d30f;}.kb-row-layout-id536_b357a1-dd > .kt-row-layout-overlay{opacity:0.05;background-color:#181717;}.kb-row-layout-id536_b357a1-dd .kt-row-layout-top-sep{height:100px;}.kb-row-layout-id536_b357a1-dd .kt-row-layout-top-sep svg{width:100%;}.kb-row-layout-id536_b357a1-dd .kt-row-layout-top-sep svg{fill:var(--global-palette9, #ffffff)!important;}@media all and (max-width: 1024px){.kb-row-layout-id536_b357a1-dd > .kt-row-column-wrap{grid-template-columns:minmax(0, 2fr) minmax(0, 1fr);}}@media all and (max-width: 767px){.kb-row-layout-id536_b357a1-dd > .kt-row-column-wrap{grid-template-columns:minmax(0, 1fr);}}<\/style><div class=\"kb-row-layout-wrap kb-row-layout-id536_b357a1-dd alignfull kt-row-has-bg wp-block-kadence-rowlayout\"><div class=\"kt-row-layout-overlay kt-row-overlay-normal\"><\/div><div class=\"kt-row-column-wrap kt-has-2-columns kt-row-layout-left-golden kt-tab-layout-inherit kt-mobile-layout-row kt-row-valign-top kb-theme-content-width\">\n<style>.kadence-column536_b3433b-46 > .kt-inside-inner-col{display:flex;}.kadence-column536_b3433b-46 > .kt-inside-inner-col,.kadence-column536_b3433b-46 > .kt-inside-inner-col:before{border-top-left-radius:0px;border-top-right-radius:0px;border-bottom-right-radius:0px;border-bottom-left-radius:0px;}.kadence-column536_b3433b-46 > .kt-inside-inner-col{column-gap:var(--global-kb-gap-sm, 1rem);}.kadence-column536_b3433b-46 > .kt-inside-inner-col{flex-direction:column;justify-content:center;align-items:center;}.kadence-column536_b3433b-46 > .kt-inside-inner-col > .kb-image-is-ratio-size{align-self:stretch;}.kadence-column536_b3433b-46 > .kt-inside-inner-col > .wp-block-kadence-advancedgallery{align-self:stretch;}.kadence-column536_b3433b-46 > .kt-inside-inner-col > .aligncenter{width:100%;}.kt-row-column-wrap > .kadence-column536_b3433b-46{align-self:center;}.kt-inner-column-height-full:not(.kt-has-1-columns) > .wp-block-kadence-column.kadence-column536_b3433b-46{align-self:auto;}.kt-inner-column-height-full:not(.kt-has-1-columns) > .wp-block-kadence-column.kadence-column536_b3433b-46 > .kt-inside-inner-col{flex-direction:column;justify-content:center;}.kadence-column536_b3433b-46 > .kt-inside-inner-col:before{opacity:0.3;}.kadence-column536_b3433b-46{text-align:center;}.kadence-column536_b3433b-46{position:relative;}@media all and (max-width: 1024px){.kt-row-column-wrap > .kadence-column536_b3433b-46{align-self:center;}}@media all and (max-width: 1024px){.kt-inner-column-height-full:not(.kt-has-1-columns) > .wp-block-kadence-column.kadence-column536_b3433b-46{align-self:auto;}}@media all and (max-width: 1024px){.kt-inner-column-height-full:not(.kt-has-1-columns) > .wp-block-kadence-column.kadence-column536_b3433b-46 > .kt-inside-inner-col{flex-direction:column;justify-content:center;}}@media all and (max-width: 1024px){.kadence-column536_b3433b-46 > .kt-inside-inner-col{flex-direction:column;justify-content:center;align-items:center;}}@media all and (max-width: 767px){.kt-row-column-wrap > .kadence-column536_b3433b-46{align-self:center;}.kt-inner-column-height-full:not(.kt-has-1-columns) > .wp-block-kadence-column.kadence-column536_b3433b-46{align-self:auto;}.kt-inner-column-height-full:not(.kt-has-1-columns) > .wp-block-kadence-column.kadence-column536_b3433b-46 > .kt-inside-inner-col{flex-direction:column;justify-content:center;}.kadence-column536_b3433b-46 > .kt-inside-inner-col{flex-direction:column;justify-content:center;align-items:center;}}<\/style>\n<div class=\"wp-block-kadence-column kadence-column536_b3433b-46 kb-section-dir-vertical inner-column-1\"><div class=\"kt-inside-inner-col\">\n<p class=\"has-text-color has-link-color wp-elements-d4b0195667b6d956f591df9bc739df61\" style=\"color:#ffffff;font-size:42px\"><strong>L\u2019olivier en h\u00e9ritage<\/strong><\/p>\n\n\n<style>.wp-block-kadence-advancedheading.kt-adv-heading536_d561f6-1e, .wp-block-kadence-advancedheading.kt-adv-heading536_d561f6-1e[data-kb-block=\"kb-adv-heading536_d561f6-1e\"]{max-width:738px;margin-right:auto;margin-left:auto;margin-top:0px;text-align:center;font-size:20px;line-height:1em;font-style:normal;color:#ffffff;}.wp-block-kadence-advancedheading.kt-adv-heading536_d561f6-1e mark.kt-highlight, .wp-block-kadence-advancedheading.kt-adv-heading536_d561f6-1e[data-kb-block=\"kb-adv-heading536_d561f6-1e\"] mark.kt-highlight{font-style:normal;color:#f76a0c;-webkit-box-decoration-break:clone;box-decoration-break:clone;padding-top:0px;padding-right:0px;padding-bottom:0px;padding-left:0px;}.wp-block-kadence-advancedheading.kt-adv-heading536_d561f6-1e img.kb-inline-image, .wp-block-kadence-advancedheading.kt-adv-heading536_d561f6-1e[data-kb-block=\"kb-adv-heading536_d561f6-1e\"] img.kb-inline-image{width:150px;vertical-align:baseline;}<\/style>\n<h2 id=\"2\" class=\"kt-adv-heading536_d561f6-1e wp-block-kadence-advancedheading\" data-kb-block=\"kb-adv-heading536_d561f6-1e\"><strong>1 journ\u00e9e<\/strong><\/h2>\n<\/div><\/div>\n\n\n<style>.kadence-column536_4c021d-56 > .kt-inside-inner-col,.kadence-column536_4c021d-56 > .kt-inside-inner-col:before{border-top-left-radius:0px;border-top-right-radius:0px;border-bottom-right-radius:0px;border-bottom-left-radius:0px;}.kadence-column536_4c021d-56 > .kt-inside-inner-col{column-gap:var(--global-kb-gap-sm, 1rem);}.kadence-column536_4c021d-56 > .kt-inside-inner-col{flex-direction:column;}.kadence-column536_4c021d-56 > .kt-inside-inner-col > .aligncenter{width:100%;}.kadence-column536_4c021d-56 > .kt-inside-inner-col:before{opacity:0.3;}.kadence-column536_4c021d-56{position:relative;}@media all and (max-width: 1024px){.kadence-column536_4c021d-56 > .kt-inside-inner-col{flex-direction:column;justify-content:center;}}@media all and (max-width: 767px){.kadence-column536_4c021d-56 > .kt-inside-inner-col{flex-direction:column;justify-content:center;}}<\/style>\n<div class=\"wp-block-kadence-column kadence-column536_4c021d-56\"><div class=\"kt-inside-inner-col\"><style>.kadence-column536_389409-57 > .kt-inside-inner-col{padding-top:0px;}.kadence-column536_389409-57 > .kt-inside-inner-col,.kadence-column536_389409-57 > .kt-inside-inner-col:before{border-top-left-radius:0px;border-top-right-radius:0px;border-bottom-right-radius:0px;border-bottom-left-radius:0px;}.kadence-column536_389409-57 > .kt-inside-inner-col{column-gap:var(--global-kb-gap-sm, 1rem);}.kadence-column536_389409-57 > .kt-inside-inner-col{flex-direction:column;}.kadence-column536_389409-57 > .kt-inside-inner-col > .aligncenter{width:100%;}.kadence-column536_389409-57 > .kt-inside-inner-col:before{opacity:0.3;}.kadence-column536_389409-57{position:relative;}.kadence-column536_389409-57, .kt-inside-inner-col > .kadence-column536_389409-57:not(.specificity){margin-bottom:0%;}@media all and (max-width: 1024px){.kadence-column536_389409-57 > .kt-inside-inner-col{flex-direction:column;justify-content:center;}}@media all and (max-width: 767px){.kadence-column536_389409-57 > .kt-inside-inner-col{flex-direction:column;justify-content:center;}}<\/style>\n<div class=\"wp-block-kadence-column kadence-column536_389409-57\"><div class=\"kt-inside-inner-col\"><div class=\"wp-block-image is-style-rounded\">\n<figure class=\"aligncenter size-full is-resized\"><img loading=\"lazy\" width=\"842\" height=\"595\" src=\"https:\/\/sawataste.com\/wp-content\/uploads\/2023\/10\/c60150ad-2a0a-488d-81c9-d89b63806d9c.jpg\" alt=\"\" class=\"wp-image-798\" style=\"object-fit:cover;width:150px;height:150px\" srcset=\"https:\/\/sawataste.com\/wp-content\/uploads\/2023\/10\/c60150ad-2a0a-488d-81c9-d89b63806d9c.jpg 842w, https:\/\/sawataste.com\/wp-content\/uploads\/2023\/10\/c60150ad-2a0a-488d-81c9-d89b63806d9c-300x212.jpg 300w, https:\/\/sawataste.com\/wp-content\/uploads\/2023\/10\/c60150ad-2a0a-488d-81c9-d89b63806d9c-768x543.jpg 768w, https:\/\/sawataste.com\/wp-content\/uploads\/2023\/10\/c60150ad-2a0a-488d-81c9-d89b63806d9c-18x12.jpg 18w, https:\/\/sawataste.com\/wp-content\/uploads\/2023\/10\/c60150ad-2a0a-488d-81c9-d89b63806d9c-200x141.jpg 200w\" sizes=\"auto, (max-width: 842px) 100vw, 842px\" \/><\/figure><\/div><\/div><\/div>\n<\/div><\/div>\n\n<\/div><\/div>\n\n\n<p class=\"has-text-align-center\" style=\"line-height:4\"><strong>Dates<\/strong> : Sur demande entre novembre et janvier<\/p>\n\n\n<style>.kb-gallery-id-536_bbf1a2-3f.kb-gallery-ul.kb-gallery-type-fluidcarousel .kt-blocks-carousel figure .kb-gal-image-radius, .kb-gallery-id-536_bbf1a2-3f.kb-gallery-ul.kb-gallery-type-fluidcarousel .kt-blocks-carousel figure .kb-gal-image-radius img{height:300px;}.kb-gallery-id-536_bbf1a2-3f .kadence-blocks-gallery-item .kb-gal-image-radius, .kb-gallery-id-536_bbf1a2-3f .kb-slide-item .kb-gal-image-radius img{border-radius:0px 0px 0px 0px;;}.kb-gallery-wrap-id-536_bbf1a2-3f.wp-block-kadence-advancedgallery{overflow:visible;}.kb-gallery-wrap-id-536_bbf1a2-3f.wp-block-kadence-advancedgallery .kt-blocks-carousel{overflow:visible;max-width:100%;}<\/style><div class=\"kb-gallery-wrap-id-536_bbf1a2-3f alignnone wp-block-kadence-advancedgallery\"><div class=\"kb-gallery-ul kb-gallery-non-static kb-gallery-type-fluidcarousel kb-gallery-id-536_bbf1a2-3f kb-gallery-caption-style-bottom-hover kb-gallery-filter-none\" data-image-filter=\"none\" data-lightbox-caption=\"true\"><div class=\"kt-blocks-carousel splide kt-carousel-container-dotstyle-dark kt-carousel-arrowstyle-whiteondark kt-carousel-dotstyle-dark kb-slider-group-arrow kb-slider-arrow-position-center\" data-slider-anim-speed=\"2340\" data-slider-scroll=\"1\" data-slider-arrows=\"true\" data-slider-dots=\"true\" data-slider-hover-pause=\"false\" data-slider-auto=\"1\" data-slider-speed=\"7000\" data-slider-type=\"fluidcarousel\" data-slider-center-mode=\"true\" data-slider-gap=\"10px\" data-slider-gap-tablet=\"10px\" data-slider-gap-mobile=\"10px\" data-show-pause-button=\"false\"><div class=\"splide__track\"><ul class=\"kt-blocks-carousel-init kb-blocks-fluid-carousel splide__list\"><li class=\"kb-slide-item kb-gallery-carousel-item splide__slide\"><div class=\"kadence-blocks-gallery-item\"><div class=\"kadence-blocks-gallery-item-inner\"><figure class=\"kb-gallery-figure kadence-blocks-gallery-item-hide-caption\"><div class=\"kb-gal-image-radius\"><div class=\"kb-gallery-image-contain\" ><img loading=\"lazy\" src=\"https:\/\/sawataste.com\/wp-content\/uploads\/2023\/10\/1-5-1024x685.jpeg\" width=\"1024\" height=\"685\" alt=\"\" data-full-image=\"https:\/\/sawataste.com\/wp-content\/uploads\/2023\/10\/1-5.jpeg\" data-light-image=\"https:\/\/sawataste.com\/wp-content\/uploads\/2023\/10\/1-5.jpeg\" data-id=\"966\" class=\"wp-image-966 skip-lazy\" srcset=\"https:\/\/sawataste.com\/wp-content\/uploads\/2023\/10\/1-5-1024x685.jpeg 1024w, https:\/\/sawataste.com\/wp-content\/uploads\/2023\/10\/1-5-300x201.jpeg 300w, https:\/\/sawataste.com\/wp-content\/uploads\/2023\/10\/1-5-768x514.jpeg 768w, https:\/\/sawataste.com\/wp-content\/uploads\/2023\/10\/1-5-1536x1027.jpeg 1536w, https:\/\/sawataste.com\/wp-content\/uploads\/2023\/10\/1-5-18x12.jpeg 18w, https:\/\/sawataste.com\/wp-content\/uploads\/2023\/10\/1-5-200x134.jpeg 200w, https:\/\/sawataste.com\/wp-content\/uploads\/2023\/10\/1-5.jpeg 1918w\" sizes=\"auto, (max-width: 1024px) 100vw, 1024px\" \/><\/div><\/div><\/figure><\/div><\/div><\/li><li class=\"kb-slide-item kb-gallery-carousel-item splide__slide\"><div class=\"kadence-blocks-gallery-item\"><div class=\"kadence-blocks-gallery-item-inner\"><figure class=\"kb-gallery-figure kadence-blocks-gallery-item-hide-caption\"><div class=\"kb-gal-image-radius\"><div class=\"kb-gallery-image-contain\" ><img loading=\"lazy\" src=\"https:\/\/sawataste.com\/wp-content\/uploads\/2023\/10\/2-5-1024x871.jpeg\" width=\"1024\" height=\"871\" alt=\"\" data-full-image=\"https:\/\/sawataste.com\/wp-content\/uploads\/2023\/10\/2-5.jpeg\" data-light-image=\"https:\/\/sawataste.com\/wp-content\/uploads\/2023\/10\/2-5.jpeg\" data-id=\"968\" class=\"wp-image-968 skip-lazy\" srcset=\"https:\/\/sawataste.com\/wp-content\/uploads\/2023\/10\/2-5-1024x871.jpeg 1024w, https:\/\/sawataste.com\/wp-content\/uploads\/2023\/10\/2-5-300x255.jpeg 300w, https:\/\/sawataste.com\/wp-content\/uploads\/2023\/10\/2-5-768x653.jpeg 768w, https:\/\/sawataste.com\/wp-content\/uploads\/2023\/10\/2-5-14x12.jpeg 14w, https:\/\/sawataste.com\/wp-content\/uploads\/2023\/10\/2-5-200x170.jpeg 200w, https:\/\/sawataste.com\/wp-content\/uploads\/2023\/10\/2-5.jpeg 1411w\" sizes=\"auto, (max-width: 1024px) 100vw, 1024px\" \/><\/div><\/div><\/figure><\/div><\/div><\/li><li class=\"kb-slide-item kb-gallery-carousel-item splide__slide\"><div class=\"kadence-blocks-gallery-item\"><div class=\"kadence-blocks-gallery-item-inner\"><figure class=\"kb-gallery-figure kadence-blocks-gallery-item-hide-caption\"><div class=\"kb-gal-image-radius\"><div class=\"kb-gallery-image-contain\" ><img loading=\"lazy\" src=\"https:\/\/sawataste.com\/wp-content\/uploads\/2023\/10\/3-5-762x1024.jpeg\" width=\"762\" height=\"1024\" alt=\"\" data-full-image=\"https:\/\/sawataste.com\/wp-content\/uploads\/2023\/10\/3-5.jpeg\" data-light-image=\"https:\/\/sawataste.com\/wp-content\/uploads\/2023\/10\/3-5.jpeg\" data-id=\"969\" class=\"wp-image-969 skip-lazy\" srcset=\"https:\/\/sawataste.com\/wp-content\/uploads\/2023\/10\/3-5-762x1024.jpeg 762w, https:\/\/sawataste.com\/wp-content\/uploads\/2023\/10\/3-5-223x300.jpeg 223w, https:\/\/sawataste.com\/wp-content\/uploads\/2023\/10\/3-5-768x1032.jpeg 768w, https:\/\/sawataste.com\/wp-content\/uploads\/2023\/10\/3-5-9x12.jpeg 9w, https:\/\/sawataste.com\/wp-content\/uploads\/2023\/10\/3-5-200x269.jpeg 200w, https:\/\/sawataste.com\/wp-content\/uploads\/2023\/10\/3-5.jpeg 1072w\" sizes=\"auto, (max-width: 762px) 100vw, 762px\" \/><\/div><\/div><\/figure><\/div><\/div><\/li><li class=\"kb-slide-item kb-gallery-carousel-item splide__slide\"><div class=\"kadence-blocks-gallery-item\"><div class=\"kadence-blocks-gallery-item-inner\"><figure class=\"kb-gallery-figure kadence-blocks-gallery-item-hide-caption\"><div class=\"kb-gal-image-radius\"><div class=\"kb-gallery-image-contain\" ><img loading=\"lazy\" src=\"https:\/\/sawataste.com\/wp-content\/uploads\/2023\/10\/4-4-768x1024.jpeg\" width=\"768\" height=\"1024\" alt=\"\" data-full-image=\"https:\/\/sawataste.com\/wp-content\/uploads\/2023\/10\/4-4-scaled.jpeg\" data-light-image=\"https:\/\/sawataste.com\/wp-content\/uploads\/2023\/10\/4-4-scaled.jpeg\" data-id=\"970\" class=\"wp-image-970 skip-lazy\" srcset=\"https:\/\/sawataste.com\/wp-content\/uploads\/2023\/10\/4-4-768x1024.jpeg 768w, https:\/\/sawataste.com\/wp-content\/uploads\/2023\/10\/4-4-225x300.jpeg 225w, https:\/\/sawataste.com\/wp-content\/uploads\/2023\/10\/4-4-1152x1536.jpeg 1152w, https:\/\/sawataste.com\/wp-content\/uploads\/2023\/10\/4-4-1536x2048.jpeg 1536w, https:\/\/sawataste.com\/wp-content\/uploads\/2023\/10\/4-4-9x12.jpeg 9w, https:\/\/sawataste.com\/wp-content\/uploads\/2023\/10\/4-4-200x267.jpeg 200w, https:\/\/sawataste.com\/wp-content\/uploads\/2023\/10\/4-4-scaled.jpeg 1920w\" sizes=\"auto, (max-width: 768px) 100vw, 768px\" \/><\/div><\/div><\/figure><\/div><\/div><\/li><li class=\"kb-slide-item kb-gallery-carousel-item splide__slide\"><div class=\"kadence-blocks-gallery-item\"><div class=\"kadence-blocks-gallery-item-inner\"><figure class=\"kb-gallery-figure kadence-blocks-gallery-item-hide-caption\"><div class=\"kb-gal-image-radius\"><div class=\"kb-gallery-image-contain\" ><img loading=\"lazy\" src=\"https:\/\/sawataste.com\/wp-content\/uploads\/2023\/10\/5-4-1024x643.jpeg\" width=\"1024\" height=\"643\" alt=\"\" data-full-image=\"https:\/\/sawataste.com\/wp-content\/uploads\/2023\/10\/5-4.jpeg\" data-light-image=\"https:\/\/sawataste.com\/wp-content\/uploads\/2023\/10\/5-4.jpeg\" data-id=\"971\" class=\"wp-image-971 skip-lazy\" srcset=\"https:\/\/sawataste.com\/wp-content\/uploads\/2023\/10\/5-4-1024x643.jpeg 1024w, https:\/\/sawataste.com\/wp-content\/uploads\/2023\/10\/5-4-300x188.jpeg 300w, https:\/\/sawataste.com\/wp-content\/uploads\/2023\/10\/5-4-768x482.jpeg 768w, https:\/\/sawataste.com\/wp-content\/uploads\/2023\/10\/5-4-1536x965.jpeg 1536w, https:\/\/sawataste.com\/wp-content\/uploads\/2023\/10\/5-4-18x12.jpeg 18w, https:\/\/sawataste.com\/wp-content\/uploads\/2023\/10\/5-4-200x126.jpeg 200w, https:\/\/sawataste.com\/wp-content\/uploads\/2023\/10\/5-4.jpeg 1739w\" sizes=\"auto, (max-width: 1024px) 100vw, 1024px\" \/><\/div><\/div><\/figure><\/div><\/div><\/li><li class=\"kb-slide-item kb-gallery-carousel-item splide__slide\"><div class=\"kadence-blocks-gallery-item\"><div class=\"kadence-blocks-gallery-item-inner\"><figure class=\"kb-gallery-figure kadence-blocks-gallery-item-hide-caption\"><div class=\"kb-gal-image-radius\"><div class=\"kb-gallery-image-contain\" ><img loading=\"lazy\" src=\"https:\/\/sawataste.com\/wp-content\/uploads\/2023\/10\/6-3-1024x768.jpeg\" width=\"1024\" height=\"768\" alt=\"\" data-full-image=\"https:\/\/sawataste.com\/wp-content\/uploads\/2023\/10\/6-3-scaled.jpeg\" data-light-image=\"https:\/\/sawataste.com\/wp-content\/uploads\/2023\/10\/6-3-scaled.jpeg\" data-id=\"972\" class=\"wp-image-972 skip-lazy\" srcset=\"https:\/\/sawataste.com\/wp-content\/uploads\/2023\/10\/6-3-1024x768.jpeg 1024w, https:\/\/sawataste.com\/wp-content\/uploads\/2023\/10\/6-3-300x225.jpeg 300w, https:\/\/sawataste.com\/wp-content\/uploads\/2023\/10\/6-3-768x576.jpeg 768w, https:\/\/sawataste.com\/wp-content\/uploads\/2023\/10\/6-3-1536x1152.jpeg 1536w, https:\/\/sawataste.com\/wp-content\/uploads\/2023\/10\/6-3-2048x1536.jpeg 2048w, https:\/\/sawataste.com\/wp-content\/uploads\/2023\/10\/6-3-16x12.jpeg 16w, https:\/\/sawataste.com\/wp-content\/uploads\/2023\/10\/6-3-200x150.jpeg 200w\" sizes=\"auto, (max-width: 1024px) 100vw, 1024px\" \/><\/div><\/div><\/figure><\/div><\/div><\/li><li class=\"kb-slide-item kb-gallery-carousel-item splide__slide\"><div class=\"kadence-blocks-gallery-item\"><div class=\"kadence-blocks-gallery-item-inner\"><figure class=\"kb-gallery-figure kadence-blocks-gallery-item-hide-caption\"><div class=\"kb-gal-image-radius\"><div class=\"kb-gallery-image-contain\" ><img loading=\"lazy\" src=\"https:\/\/sawataste.com\/wp-content\/uploads\/2023\/10\/7-3-762x1024.jpeg\" width=\"762\" height=\"1024\" alt=\"\" data-full-image=\"https:\/\/sawataste.com\/wp-content\/uploads\/2023\/10\/7-3.jpeg\" data-light-image=\"https:\/\/sawataste.com\/wp-content\/uploads\/2023\/10\/7-3.jpeg\" data-id=\"973\" class=\"wp-image-973 skip-lazy\" srcset=\"https:\/\/sawataste.com\/wp-content\/uploads\/2023\/10\/7-3-762x1024.jpeg 762w, https:\/\/sawataste.com\/wp-content\/uploads\/2023\/10\/7-3-223x300.jpeg 223w, https:\/\/sawataste.com\/wp-content\/uploads\/2023\/10\/7-3-768x1032.jpeg 768w, https:\/\/sawataste.com\/wp-content\/uploads\/2023\/10\/7-3-9x12.jpeg 9w, https:\/\/sawataste.com\/wp-content\/uploads\/2023\/10\/7-3-200x269.jpeg 200w, https:\/\/sawataste.com\/wp-content\/uploads\/2023\/10\/7-3.jpeg 1072w\" sizes=\"auto, (max-width: 762px) 100vw, 762px\" \/><\/div><\/div><\/figure><\/div><\/div><\/li><\/ul><\/div><\/div><\/div><\/div>\n\n\n<p>Cette journ\u00e9e sera consacr\u00e9e \u00e0 une excursion dans une oliveraie situ\u00e9e \u00e0 l\u2019ouest de la capitale, du c\u00f4t\u00e9 de Tebourba.&nbsp; Accueillis par la famille, vous visiterez le moulin \u00e0 huile d\u2019olive aux meules en granit, et d\u00e9gusterez diff\u00e9rentes huiles. Suivant la saison, vous participerez \u00e0 la cueillette ou \u00e0 l\u2019entretien des oliviers. Ce sera aussi l\u2019occasion d\u2019explorer la ferme et le potager en permaculture, et d\u2019y cueillir quelques ingr\u00e9dients frais pour le repas du soir qui sera pr\u00e9par\u00e9 durant l\u2019atelier de l\u2019apr\u00e8s-midi consacr\u00e9 aux mets typiques de la r\u00e9gion.<\/p>\n\n\n\n<p>Cette journ\u00e9e peut compl\u00e9ter l\u2019un de nos autres s\u00e9jours.<\/p>\n\n\n<style>.wp-block-kadence-spacer.kt-block-spacer-536_a8c0fe-28 .kt-block-spacer{height:30px;}.wp-block-kadence-spacer.kt-block-spacer-536_a8c0fe-28 .kt-divider{border-top-width:2px;border-top-color:var(--global-palette5, #4A5568);width:80%;border-top-style:solid;}<\/style>\n<div class=\"wp-block-kadence-spacer aligncenter kt-block-spacer-536_a8c0fe-28\"><div class=\"kt-block-spacer kt-block-spacer-halign-center\"><hr class=\"kt-divider\"\/><\/div><\/div>\n\n\n\n<p><strong>Participants : <\/strong>2 personnes minimum, 8 personnes maximum<\/p>\n\n\n\n<p><strong>Prix :<\/strong> nous organisons typiquement cette journ\u00e9e en compl\u00e9ment \u00e0 un de nos autres itin\u00e9raires, donc nous vous invitons \u00e0 nous contacter pour discuter de votre itin\u00e9raire. N.b. Nous acceptons EUR, CAD, USD, et TND.<\/p>\n\n\n\n<p><strong>Inclus<\/strong><\/p>\n\n\n\n<ul class=\"wp-block-list\">\n<li>Les transferts, transports terrestres, en Tunisie<\/li>\n\n\n\n<li>Le repas et les collations<\/li>\n\n\n\n<li>La visite, les ateliers et d\u00e9gustations&nbsp;<\/li>\n\n\n\n<li>Le mat\u00e9riel n\u00e9cessaire pour les cours et ateliers<\/li>\n<\/ul>\n\n\n\n<p><strong>Non-inclus<\/strong><\/p>\n\n\n\n<ul class=\"wp-block-list\">\n<li>Les vols<\/li>\n\n\n\n<li>L\u2019assurance voyage (annulation, sant\u00e9, etc.) personnelle<\/li>\n\n\n\n<li>Les pourboires, si vous souhaitez en verser<\/li>\n<\/ul>\n","protected":false},"excerpt":{"rendered":"<p>L\u2019olivier en h\u00e9ritage 1 journ\u00e9e Dates : Sur demande entre novembre et janvier Cette journ\u00e9e sera consacr\u00e9e \u00e0 une excursion dans une oliveraie situ\u00e9e \u00e0 l\u2019ouest de la capitale, du c\u00f4t\u00e9 de Tebourba.&nbsp; Accueillis par la famille, vous visiterez le moulin \u00e0 huile d\u2019olive aux meules en granit, et d\u00e9gusterez diff\u00e9rentes huiles. Suivant la saison,&#8230;<\/p>","protected":false},"author":1,"featured_media":0,"parent":0,"menu_order":0,"comment_status":"closed","ping_status":"closed","template":"","meta":{"_monsterinsights_skip_tracking":false,"_monsterinsights_sitenote_active":false,"_monsterinsights_sitenote_note":"","_monsterinsights_sitenote_category":0,"pgc_sgb_lightbox_settings":"","_kad_post_transparent":"default","_kad_post_title":"hide","_kad_post_layout":"","_kad_post_sidebar_id":"","_kad_post_content_style":"unboxed","_kad_post_vertical_padding":"hide","_kad_post_feature":"","_kad_post_feature_position":"","_kad_post_header":false,"_kad_post_footer":false,"footnotes":""},"class_list":["post-536","page","type-page","status-publish","hentry"],"_links":{"self":[{"href":"https:\/\/sawataste.com\/eng\/wp-json\/wp\/v2\/pages\/536","targetHints":{"allow":["GET"]}}],"collection":[{"href":"https:\/\/sawataste.com\/eng\/wp-json\/wp\/v2\/pages"}],"about":[{"href":"https:\/\/sawataste.com\/eng\/wp-json\/wp\/v2\/types\/page"}],"author":[{"embeddable":true,"href":"https:\/\/sawataste.com\/eng\/wp-json\/wp\/v2\/users\/1"}],"replies":[{"embeddable":true,"href":"https:\/\/sawataste.com\/eng\/wp-json\/wp\/v2\/comments?post=536"}],"version-history":[{"count":29,"href":"https:\/\/sawataste.com\/eng\/wp-json\/wp\/v2\/pages\/536\/revisions"}],"predecessor-version":[{"id":1643,"href":"https:\/\/sawataste.com\/eng\/wp-json\/wp\/v2\/pages\/536\/revisions\/1643"}],"wp:attachment":[{"href":"https:\/\/sawataste.com\/eng\/wp-json\/wp\/v2\/media?parent=536"}],"curies":[{"name":"wp","href":"https:\/\/api.w.org\/{rel}","templated":true}]}}